{"id":9,"date":"2016-03-17T12:53:39","date_gmt":"2016-03-17T12:53:39","guid":{"rendered":"http:\/\/www.transportescastellar.com\/?page_id=9"},"modified":"2016-03-31T13:05:10","modified_gmt":"2016-03-31T13:05:10","slug":"servicios","status":"publish","type":"page","link":"https:\/\/www.transportescastellar.com\/en\/servicios\/","title":{"rendered":"Services"},"content":{"rendered":"<p>[vc_row full_width=&#8221;&#8221; parallax=&#8221;&#8221; parallax_image=&#8221;&#8221;][vc_column width=&#8221;1\/6&#8243;][vc_column_text]<br \/>\n[\/vc_column_text][\/vc_column][vc_column width=&#8221;2\/3&#8243;][vc_single_image image=&#8221;53&#8243; alignment=&#8221;center&#8221; border_color=&#8221;grey&#8221; img_link_large=&#8221;&#8221; img_link_target=&#8221;_self&#8221; img_size=&#8221;full&#8221;][vc_row_inner][vc_column_inner el_class=&#8221;&#8221; width=&#8221;1\/1&#8243;][vc_column_text]<\/p>\n<p>Somos un operador del transporte de mercanc\u00edas por carretera.<\/p>\n<p>[\/vc_column_text][\/vc_column_inner][\/vc_row_inner][vc_row_inner][vc_column_inner el_class=&#8221;&#8221; width=&#8221;1\/2&#8243;][vc_column_text]<\/p>\n<p style=\"text-align: left;\"><strong>\u00bfPOR QUE ELEGIR A CASTELLAR?<\/strong><\/p>\n<hr \/>\n<p style=\"text-align: justify;\"><span style=\"color: #c02d49;\">PORQUE\u00a0 CASTELLAR ES EL PUNTO DE ENCUENTRO DE CARGADORES Y TRANSPORTISTAS.<\/span><br \/>\nDisponemos de una amplia cartera de transportistas colaboradores que hacen que tengamos el veh\u00edculo m\u00e1s adecuado para transportar su mercanc\u00eda, tanto de carga general como de temperatura controlada (tautliner, semi-tautliner, lateral bajo, frigor\u00edficos, frigolonas, cami\u00f3n pluma, cami\u00f3n r\u00edgido\u2026).<br \/>\nDisponemos de flota propia, compuesta por veh\u00edculos de distinto tonelaje especializado en la recogida de mercanc\u00edas para su almacenaje y posterior distribuci\u00f3n al destinatario final (puerta del proveedor a puerta del cliente).<\/p>\n<hr \/>\n<p style=\"text-align: justify;\"><span style=\"color: #c02d49;\">PORQUE NUESTRO TRATO ES PERSONALIZADO.<\/span><br \/>\nTodo el equipo de Castellar est\u00e1 cualificado para su trabajo, el trato es personal y cercano siendo nuestra prioridad satisfacer todas las necesidades tanto de clientes como de proveedores proponiendo soluciones adecuadas y eficaces.<\/p>\n<hr \/>\n<p style=\"text-align: justify;\"><span style=\"color: #c02d49;\">PORQUE CUIDAMOS EL MEDIO AMBIENTE.<\/span><br \/>\nTodos nuestros veh\u00edculos cumplen la normativa actual de compromiso con el medio ambiente<\/p>\n<p>[\/vc_column_text][\/vc_column_inner][vc_column_inner el_class=&#8221;&#8221; width=&#8221;1\/2&#8243;][vc_column_text]<strong>ESPECIALIDAD<\/strong><\/p>\n<hr \/>\n<p style=\"text-align: justify;\">Transportamos cargas completas y fraccionadas\u00a0 a todo el territorio nacional Espa\u00f1ol con rutas por excelencia: <span style=\"color: #c02d49;\">CASTELLON-PAIS VASCO<\/span> Y <span style=\"color: #c02d49;\">CASTELLON-MALAGA.<\/span><br \/>\nHoy en d\u00eda estamos en expansi\u00f3n al mercado internacional enfocado a\u00a0 Europa,\u00a0 por lo que realizamos cargas completas al Pa\u00eds Europeo que se nos solicite.<br \/>\nDado que estamos situados en la zona del azulejo espa\u00f1ol (Onda-Castell\u00f3n), disponemos de un servicio muy atractivo tanto para transportistas nacionales como internacionales que desean ahorrar tiempo en sus viajes.<br \/>\nEl aumento de pedidos de peque\u00f1o peso (picking) hace que los transportistas se demoren en la recogida de sus cargas, por eso ya son muchos transportistas que conf\u00edan en nosotros como apoyo a su labor\u00a0 para agruparles las mercanc\u00edas. De esta manera reducen el tiempo innecesario en colas para cargar en la f\u00e1bricas y convierten sus transportes con varios or\u00edgenes en uno solo \u201cCASTELLAR\u201d haciendo m\u00e1s rentable y m\u00e1s r\u00e1pido su transporte.<\/p>\n<p>[\/vc_column_text][\/vc_column_inner][\/vc_row_inner][\/vc_column][vc_column width=&#8221;1\/6&#8243;][vc_column_text]<br \/>\n[\/vc_column_text][\/vc_column][\/vc_row]<\/p>\n","protected":false},"excerpt":{"rendered":"<p>[vc_row full_width=&#8221;&#8221; parallax=&#8221;&#8221; parallax_image=&#8221;&#8221;][vc_column width=&#8221;1\/6&#8243;][vc_column_text] [\/vc_column_text][\/vc_column][vc_column width=&#8221;2\/3&#8243;][vc_single_image image=&#8221;53&#8243; alignment=&#8221;center&#8221; border_color=&#8221;grey&#8221; img_link_large=&#8221;&#8221; img_link_target=&#8221;_self&#8221; img_size=&#8221;full&#8221;][vc_row_inner][vc_column_inner el_class=&#8221;&#8221; width=&#8221;1\/1&#8243;][vc_column_text] Somos un operador del transporte de mercanc\u00edas por carretera. [\/vc_column_text][\/vc_column_inner][\/vc_row_inner][vc_row_inner][vc_column_inner el_class=&#8221;&#8221; width=&#8221;1\/2&#8243;][vc_column_text] \u00bfPOR QUE ELEGIR A CASTELLAR? PORQUE\u00a0 CASTELLAR ES EL PUNTO DE ENCUENTRO DE CARGADORES Y TRANSPORTISTAS. Disponemos de una amplia cartera de transportistas colaboradores que hacen que tengamos el veh\u00edculo m\u00e1s adecuado para transportar su mercanc\u00eda, tanto de carga general como de temperatura controlada (tautliner, semi-tautliner, lateral bajo, frigor\u00edficos, frigolonas, cami\u00f3n pluma, cami\u00f3n r\u00edgido\u2026). Disponemos de flota propia, compuesta por veh\u00edculos de distinto tonelaje especializado en la recogida de mercanc\u00edas para su almacenaje y posterior distribuci\u00f3n al destinatario final (puerta del proveedor a puerta del cliente). PORQUE NUESTRO TRATO ES PERSONALIZADO. Todo el equipo de Castellar est\u00e1 cualificado para su trabajo, el trato es personal y cercano siendo nuestra prioridad satisfacer todas las necesidades tanto de clientes como de proveedores proponiendo soluciones adecuadas y eficaces. PORQUE CUIDAMOS EL MEDIO AMBIENTE. Todos nuestros veh\u00edculos cumplen la normativa actual de compromiso con el medio ambiente [\/vc_column_text][\/vc_column_inner][vc_column_inner el_class=&#8221;&#8221; width=&#8221;1\/2&#8243;][vc_column_text]ESPECIALIDAD Transportamos cargas completas y fraccionadas\u00a0 a todo el territorio nacional Espa\u00f1ol con rutas por excelencia: CASTELLON-PAIS VASCO Y CASTELLON-MALAGA. Hoy en d\u00eda estamos en expansi\u00f3n al mercado&hellip;<\/p>\n","protected":false},"author":1,"featured_media":0,"parent":0,"menu_order":0,"comment_status":"closed","ping_status":"closed","template":"","meta":[],"translation":{"provider":"WPGlobus","version":"2.5.17","language":"en","enabled_languages":["es","en"],"languages":{"es":{"title":true,"content":true,"excerpt":false},"en":{"title":true,"content":false,"excerpt":false}}},"_links":{"self":[{"href":"https:\/\/www.transportescastellar.com\/en\/wp-json\/wp\/v2\/pages\/9"}],"collection":[{"href":"https:\/\/www.transportescastellar.com\/en\/wp-json\/wp\/v2\/pages"}],"about":[{"href":"https:\/\/www.transportescastellar.com\/en\/wp-json\/wp\/v2\/types\/page"}],"author":[{"embeddable":true,"href":"https:\/\/www.transportescastellar.com\/en\/wp-json\/wp\/v2\/users\/1"}],"replies":[{"embeddable":true,"href":"https:\/\/www.transportescastellar.com\/en\/wp-json\/wp\/v2\/comments?post=9"}],"version-history":[{"count":10,"href":"https:\/\/www.transportescastellar.com\/en\/wp-json\/wp\/v2\/pages\/9\/revisions"}],"predecessor-version":[{"id":131,"href":"https:\/\/www.transportescastellar.com\/en\/wp-json\/wp\/v2\/pages\/9\/revisions\/131"}],"wp:attachment":[{"href":"https:\/\/www.transportescastellar.com\/en\/wp-json\/wp\/v2\/media?parent=9"}],"curies":[{"name":"wp","href":"https:\/\/api.w.org\/{rel}","templated":true}]}}