{"id":216,"date":"2023-10-05T10:10:58","date_gmt":"2023-10-05T10:10:58","guid":{"rendered":"http:\/\/www.transportescastellar.com\/?page_id=216"},"modified":"2025-12-23T11:16:05","modified_gmt":"2025-12-23T11:16:05","slug":"politica-de-cookies","status":"publish","type":"page","link":"https:\/\/www.transportescastellar.com\/en\/politica-de-cookies\/","title":{"rendered":"POLITICA DE COOKIES"},"content":{"rendered":"<p><strong>\u00cdNDICE<\/strong><\/p>\n<ol>\n<li>Identificaci\u00f3n del propietario del Website<\/li>\n<li>Informaci\u00f3n y terminolog\u00eda<\/li>\n<li>Clasificaci\u00f3n tipol\u00f3gica de Cookies<\/li>\n<li>Detalles de las cookies utilizadas<\/li>\n<li>Funcionalidades de terceros o socios<\/li>\n<li>Consentimiento para el uso de Cookies<\/li>\n<li>Deshabilitar y bloquear Cookies<\/li>\n<li>Cambios en la Pol\u00edtica de Cookies<\/li>\n<\/ol>\n<p><strong>1.- PROPIEDAD DEL SITIO WEB<\/strong><\/p>\n<figure class=\"wp-block-table\">\n<table>\n<tbody>\n<tr>\n<td><strong>Responsable:<\/strong><\/td>\n<td>ANDRES CASTELLAR L\u00d3PEZ S.L &#8211; CIF B23903057<\/td>\n<\/tr>\n<tr>\n<td><strong>Direcci\u00f3n:<\/strong><\/td>\n<td>Avda. Mediterr\u00e1neo, N\u00ba47. 12200, Onda (Castell\u00f3n), Espa\u00f1a<\/td>\n<\/tr>\n<tr>\n<td><strong>Contacto:<\/strong><\/td>\n<td>Tel.: 964 600 117 &#8211; Email: info@transportescastellar.com<\/td>\n<\/tr>\n<tr>\n<td><strong>Datos de registro:<\/strong><\/td>\n<td>\u00a0<\/td>\n<\/tr>\n<tr>\n<td><strong>Actividad:<\/strong><\/td>\n<td>Transporte de mercanc\u00edas por carretera<\/td>\n<\/tr>\n<\/tbody>\n<\/table>\n<\/figure>\n<p><strong>2.- INFORMACI\u00d3N Y TERMINOLOG\u00cdAS<\/strong><\/p>\n<p>Nuestro sitio Web http:\/\/www.transportescastellar.com (en adelante &#8220;Website&#8221;) utiliza una tecnolog\u00eda denominada &#8220;cookies&#8221; con la finalidad de poder recabar informaci\u00f3n acerca del uso del Website, conforme a lo establecido en el art\u00edculo 22 de la LSSI<\/p>\n<p>Las cookies son archivos peque\u00f1os que las p\u00e1ginas web, tiendas online, intranets, plataformas online o similares, almacenan en el navegador del usuario que las visita y que permiten recuperar informaci\u00f3n ya almacenada y aportar a la navegaci\u00f3n web innumerables ventajas en la prestaci\u00f3n de servicios interactivos, as\u00ed como aportar informaci\u00f3n relevante al propietario de la Web.<\/p>\n<p><strong>3.- CLASIFICACI\u00d3N TIPOL\u00d3GICA DE COOKIES<\/strong><\/p>\n<p>La siguiente clasificaci\u00f3n de posibles tipos de Cookie, que se ofrecen a t\u00edtulo orientativo por ser las m\u00e1s habituales, ayuda a comprender mejor las funciones que \u00e9stas realizan:<\/p>\n<p><strong>3.1.- TIPOS DE COOKIES SEG\u00daN LA ENTIDAD QUE LAS GESTIONE<\/strong><\/p>\n<p>Seg\u00fan qui\u00e9n sea la entidad que gestione el equipo o dominio desde donde se env\u00edan las cookies y trate los datos que se obtengan, podemos distinguir:<\/p>\n<p><strong>a) Cookies propias:<\/strong><\/p>\n<p>Son aquellas que se env\u00edan al equipo terminal del usuario desde un equipo o dominio gestionado por el propio editor y desde el que se presta el servicio solicitado por el usuario.<\/p>\n<p><strong>b) Cookies de terceros:<\/strong><\/p>\n<p>Son aquellas que se env\u00edan al equipo terminal del usuario desde un equipo o dominio que no es gestionado por el editor, sino por otra entidad que trata los datos obtenidos trav\u00e9s de las cookies.<\/p>\n<p>En el caso de que las cookies sean servidas desde un equipo o dominio gestionado por el propio editor, pero la informaci\u00f3n que se recoja mediante estas sea gestionada por un tercero, no pueden ser consideradas como cookies propias si el tercero las utiliza para sus propias finalidades (por ejemplo, la mejora de los servicios que presta o la prestaci\u00f3n de servicios de car\u00e1cter publicitario a favor de otras entidades).<\/p>\n<p><strong>3.2.- TIPOS DE COOKIES SEGUN SU FINALIDAD<\/strong><\/p>\n<p>Existen muchas finalidades para el uso de las cookies. Seg\u00fan la finalidad para la que se traten los datos obtenidos a trav\u00e9s de las cookies, algunas de las finalidades pueden ser:<\/p>\n<p><strong>a) Cookies t\u00e9cnicas:<\/strong><\/p>\n<p>Son aquellas que permiten al usuario la navegaci\u00f3n a trav\u00e9s de una p\u00e1gina web, plataforma o aplicaci\u00f3n y la utilizaci\u00f3n de las diferentes opciones o servicios que en ella existan, incluyendo aquellas que el editor utiliza para permitir la gesti\u00f3n y operativa de la p\u00e1gina web y habilitar sus funciones y servicios, como, por ejemplo, controlar el tr\u00e1fico y la comunicaci\u00f3n de datos, identificar la sesi\u00f3n, acceder a partes de acceso restringido, recordar los elementos que integran un pedido, realizar el proceso de compra de un pedido, gestionar el pago, controlar el fraude vinculado a la seguridad del servicio, realizar la solicitud de inscripci\u00f3n o participaci\u00f3n en un evento, contar visitas a efectos de la facturaci\u00f3n de licencias del software con el que funciona el servicio (sitio web, plataforma o aplicaci\u00f3n), utilizar elementos de seguridad durante la navegaci\u00f3n, almacenar contenidos para la difusi\u00f3n de v\u00eddeos o sonido, habilitar contenidos din\u00e1micos (por ejemplo, animaci\u00f3n de carga de un texto o imagen) o compartir contenidos a trav\u00e9s de redes sociales.<\/p>\n<p>Tambi\u00e9n pertenecen a esta categor\u00eda, por su naturaleza t\u00e9cnica, aquellas cookies que permiten la gesti\u00f3n, de la forma m\u00e1s eficaz posible, de los espacios publicitarios que, como un elemento m\u00e1s de dise\u00f1o o &#8220;maquetaci\u00f3n&#8221; del servicio ofrecido al usuario, el editor haya incluido en una p\u00e1gina web, aplicaci\u00f3n o plataforma en base a criterios como el contenido editado, sin que se recopile informaci\u00f3n de los usuarios con fines distintos, como puede ser personalizar ese contenido publicitario u otros contenidos.<\/p>\n<p>Las cookies t\u00e9cnicas estar\u00e1n exceptuadas del cumplimiento de las obligaciones establecidas en el art\u00edculo 22.2 de la LSSI cuando permitan prestar el servicio solicitado por el usuario, como ocurre en el caso de las cookies enumeradas en los p\u00e1rrafos anteriores. Sin embargo, si estas cookies se utilizan tambi\u00e9n para finalidades no exentas (por ejemplo, para fines publicitarios comportamentales), quedar\u00e1n sujetas a dichas obligaciones.<\/p>\n<p><strong>b) Cookies de preferencias o personalizaci\u00f3n:<\/strong><\/p>\n<p>Son aquellas que permiten recordar informaci\u00f3n para que el usuario acceda al servicio con determinadas caracter\u00edsticas que pueden diferenciar su experiencia de la de otros usuarios, como, por ejemplo, el idioma, el n\u00famero de resultados a mostrar cuando el usuario realiza una b\u00fasqueda, el aspecto o contenido del servicio en funci\u00f3n del tipo de navegador a trav\u00e9s del cual el usuario accede al servicio o de la regi\u00f3n desde la que accede al servicio, etc.<\/p>\n<p>Si es el propio usuario quien elige esas caracter\u00edsticas (por ejemplo, si selecciona el idioma de un sitio web clicando en el icono de la bandera del pa\u00eds correspondiente), las cookies estar\u00e1n exceptuadas de las obligaciones del art\u00edculo 22.2 de la LSSI por considerarse un servicio expresamente solicitado por el usuario, y ello siempre y cuando las cookies obedezcan exclusivamente a la finalidad seleccionada.<\/p>\n<p><strong>c) Cookies de an\u00e1lisis o medici\u00f3n:<\/strong><\/p>\n<p>Son aquellas que permiten al responsable de las mismas el seguimiento y an\u00e1lisis del comportamiento de los usuarios de los sitios web a los que est\u00e1n vinculadas, incluida la cuantificaci\u00f3n de los impactos de los anuncios. La informaci\u00f3n recogida mediante este tipo de cookies se utiliza en la medici\u00f3n de la actividad de los sitios web, aplicaci\u00f3n o plataforma, con el fin de introducir mejoras en funci\u00f3n del an\u00e1lisis de los datos de uso que hacen los usuarios del servicio.<\/p>\n<p>Respecto al tratamiento de datos recabados a trav\u00e9s de las cookies de an\u00e1lisis, el GT29 manifest\u00f3 que, a pesar de que no est\u00e1n exentas del deber de obtener un consentimiento informado para su uso, es poco probable que representen un riesgo para la privacidad de los usuarios siempre que se trate de cookies de primera parte, que traten datos agregados con una finalidad estrictamente estad\u00edstica, que se facilite informaci\u00f3n sobre sus usos y se incluya la posibilidad de que los usuarios manifiesten su negativa sobre su utilizaci\u00f3n.<\/p>\n<p><strong>d) Cookies de publicidad comportamental:<\/strong><br \/>Son aquellas que almacenan informaci\u00f3n del comportamiento de los usuarios obtenida a trav\u00e9s de la observaci\u00f3n continuada de sus h\u00e1bitos de navegaci\u00f3n, lo que permite desarrollar un perfil espec\u00edfico para mostrar publicidad en funci\u00f3n del mismo.<\/p>\n<p><strong>3.3.- TIPOS DE COOKIES SEG\u00daN EL PLAZO DE TIEMPO QUE PERMANECEN ACTIVADAS<\/strong><\/p>\n<p>Seg\u00fan el plazo de tiempo que permanecen activadas en el equipo terminal podemos distinguir:<\/p>\n<p><strong>a) Cookies de sesi\u00f3n:<\/strong><\/p>\n<p>Son aquellas dise\u00f1adas para recabar y almacenar datos mientras el usuario accede a una p\u00e1gina web. Se suelen emplear para almacenar informaci\u00f3n que solo interesa conservar para la prestaci\u00f3n del servicio solicitado por el usuario en una sola ocasi\u00f3n (por ejemplo, una lista de productos adquiridos) y desaparecen al terminar la sesi\u00f3n.<\/p>\n<p><strong>b) Cookies persistentes:<\/strong><\/p>\n<p>Son aquellas en las que los datos siguen almacenados en el terminal y pueden ser accedidos y tratados durante un periodo definido por el responsable de la cookie, y que puede ir de unos minutos a varios a\u00f1os.<\/p>\n<p><strong>4.- DETALLES DE COOKIES UTILIZADAS<\/strong><\/p>\n<p>A continuaci\u00f3n, se detallan las Cookies utilizadas en este sitio Web, aportando la siguiente informaci\u00f3n:<\/p>\n<ul>\n<li><strong>Nombre de la Cookie:<\/strong> Identificaci\u00f3n de la Cookie utilizada<\/li>\n<li><strong>Finalidad:<\/strong> Objetivo de la Cookie y usos previstos<\/li>\n<li><strong>Datos recogidos:<\/strong> Informaci\u00f3n que monitoriza, recoge y\/o almacena<\/li>\n<li><strong>Temporalidad:<\/strong> Se indicar\u00e1 si es de sesi\u00f3n (desaparecen al terminar la sesi\u00f3n), o persistentes (en cuyo caso se indicar\u00e1 el tiempo de permanencia de la Cookie)<\/li>\n<li><strong>Titularidad:<\/strong> Se indicar\u00e1 si la informaci\u00f3n recogida por la Cookie ser\u00e1 utilizada por el propietario del sitio Web y\/o por terceras entidades. En caso se terceros, se aportar\u00e1n los datos de identificaci\u00f3n.<\/li>\n<\/ul>\n<p><strong>4.1.- DESCRIPCI\u00d3N DE LAS COOKIES T\u00c9CNICAS<\/strong><\/p>\n<figure class=\"wp-block-table\">\n<table>\n<tbody>\n<tr>\n<td><strong>NOMBRE DE LA COOKIE:<\/strong><\/td>\n<td>cookieyes-consent<\/td>\n<\/tr>\n<tr>\n<td><strong>FINALIDAD:<\/strong><\/td>\n<td>Recordar las preferencias de consentimiento de los usuarios<\/td>\n<\/tr>\n<tr>\n<td><strong>INFORMACI\u00d3N RECOGIDA:<\/strong><\/td>\n<td>CookieYes establece esta cookie para recordar las preferencias de consentimiento de los usuarios, de modo que se respeten sus preferencias en las siguientes visitas a este sitio. No recoge ni almacena ninguna informaci\u00f3n personal sobre los visitantes del sitio.<\/td>\n<\/tr>\n<tr>\n<td><strong>TEMPORALIDAD:<\/strong><\/td>\n<td>1 a\u00f1o<\/td>\n<\/tr>\n<tr>\n<td><strong>TITULARIDAD:<\/strong><\/td>\n<td>https:\/\/www.cookieyes.com\/<\/td>\n<\/tr>\n<tr>\n<td><strong>OTROS DATOS DE INTER\u00c9S:<\/strong><\/td>\n<td>\u00a0<\/td>\n<\/tr>\n<\/tbody>\n<\/table>\n<\/figure>\n<p><strong>4.2.- DESCRIPCI\u00d3N DE LAS COOKIES DE PREFERENCIAS O PERSONALIZACI\u00d3N<\/strong><\/p>\n<figure class=\"wp-block-table\">\n<table>\n<tbody>\n<tr>\n<td><strong>NOMBRE DE LA COOKIE:<\/strong><\/td>\n<td>wpglobus-language-old<\/td>\n<\/tr>\n<tr>\n<td><strong>FINALIDAD:<\/strong><\/td>\n<td>WPGlobus sets this cookie to store the language settings.<\/td>\n<\/tr>\n<tr>\n<td><strong>INFORMACI\u00d3N RECOGIDA:<\/strong><\/td>\n<td>WPGlobus sets this cookie to store the language settings.<\/td>\n<\/tr>\n<tr>\n<td><strong>TEMPORALIDAD:<\/strong><\/td>\n<td>1 a\u00f1o<\/td>\n<\/tr>\n<tr>\n<td><strong>TITULARIDAD:<\/strong><\/td>\n<td>wpglobus<\/td>\n<\/tr>\n<tr>\n<td><strong>OTROS DATOS DE INTER\u00c9S:<\/strong><\/td>\n<td>\u00a0<\/td>\n<\/tr>\n<\/tbody>\n<\/table>\n<\/figure>\n<figure class=\"wp-block-table\">\n<table>\n<tbody>\n<tr>\n<td><strong>NOMBRE DE LA COOKIE:<\/strong><\/td>\n<td>wpglobus-language<\/td>\n<\/tr>\n<tr>\n<td><strong>FINALIDAD:<\/strong><\/td>\n<td>WPGlobus sets this cookie to store the language settings.<\/td>\n<\/tr>\n<tr>\n<td><strong>INFORMACI\u00d3N RECOGIDA:<\/strong><\/td>\n<td>WPGlobus sets this cookie to store the language settings.<\/td>\n<\/tr>\n<tr>\n<td><strong>TEMPORALIDAD:<\/strong><\/td>\n<td>1 a\u00f1o<\/td>\n<\/tr>\n<tr>\n<td><strong>TITULARIDAD:<\/strong><\/td>\n<td>wpglobus<\/td>\n<\/tr>\n<tr>\n<td><strong>OTROS DATOS DE INTER\u00c9S:<\/strong><\/td>\n<td>\u00a0<\/td>\n<\/tr>\n<\/tbody>\n<\/table>\n<\/figure>\n<p><strong>4.3.- DESCRIPCI\u00d3N DE LAS COOKIES DE ESTAD\u00cdSTICAS<\/strong><\/p>\n<figure class=\"wp-block-table\">\n<table>\n<tbody>\n<tr>\n<td><strong>NOMBRE DE LA COOKIE:<\/strong><\/td>\n<td>\u00a0<\/td>\n<\/tr>\n<tr>\n<td><strong>FINALIDAD:<\/strong><\/td>\n<td>\u00a0<\/td>\n<\/tr>\n<tr>\n<td><strong>INFORMACI\u00d3N RECOGIDA:<\/strong><\/td>\n<td>\u00a0<\/td>\n<\/tr>\n<tr>\n<td><strong>TEMPORALIDAD:<\/strong><\/td>\n<td>\u00a0<\/td>\n<\/tr>\n<tr>\n<td><strong>TITULARIDAD:<\/strong><\/td>\n<td>\u00a0<\/td>\n<\/tr>\n<tr>\n<td><strong>OTROS DATOS DE INTER\u00c9S:<\/strong><\/td>\n<td>\u00a0<\/td>\n<\/tr>\n<\/tbody>\n<\/table>\n<\/figure>\n<p><strong>4.4.- DESCRIPCI\u00d3N DE LAS COOKIES DE PUBLICIDAD<\/strong><\/p>\n<figure class=\"wp-block-table\">\n<table>\n<tbody>\n<tr>\n<td><strong>NOMBRE DE LA COOKIE:<\/strong><\/td>\n<td>\u00a0<\/td>\n<\/tr>\n<tr>\n<td><strong>FINALIDAD:<\/strong><\/td>\n<td>\u00a0<\/td>\n<\/tr>\n<tr>\n<td><strong>INFORMACI\u00d3N RECOGIDA:<\/strong><\/td>\n<td>\u00a0<\/td>\n<\/tr>\n<tr>\n<td><strong>TEMPORALIDAD:<\/strong><\/td>\n<td>\u00a0<\/td>\n<\/tr>\n<tr>\n<td><strong>TITULARIDAD:<\/strong><\/td>\n<td>\u00a0<\/td>\n<\/tr>\n<tr>\n<td><strong>OTROS DATOS DE INTER\u00c9S:<\/strong><\/td>\n<td>\u00a0<\/td>\n<\/tr>\n<\/tbody>\n<\/table>\n<\/figure>\n<p><strong>5.- FUNCIONALIDADES DE TERCEROS O SOCIOS<\/strong><\/p>\n<p>Adicionalmente, este Sitio Web pudiera hacer uso de funcionalidades ofrecidas por terceras entidades o socios que, a su vez, realizan su propia recogida de datos de navegaci\u00f3n para sus propias finalidades.<\/p>\n<p>En estos casos, se facilita la informaci\u00f3n correspondiente respecto a las funcionalidades de terceros utilizadas. A tener en cuenta que ANDRES CASTELLAR L\u00d3PEZ S.L no se hace responsable del correcto funcionamiento de los enlaces a las diferentes pol\u00edticas de privacidad y uso de cookies por terceros debido a que ANDRES CASTELLAR L\u00d3PEZ S.L no puede controlar cu\u00e1ndo son modificados por el proveedor, por lo que ser\u00e1 el Usuario el responsable de averiguar los contenidos actualizados en las respectivas pol\u00edticas de privacidad y de cookies de dichos terceros.<\/p>\n<p>A continuaci\u00f3n, se enumeran las funcionalidades de terceros disponibles en este Sitio Web (\u00fanicamente se utilizar\u00e1n los aceptados por el usuario) detallando la siguiente informaci\u00f3n:<\/p>\n<ul>\n<li><strong>Entidad:<\/strong> Organizaci\u00f3n que presta la funcionalidad (ejemplo: Facebook, Google, etc.)<\/li>\n<li><strong>Finalidad:<\/strong> Servicio que presta la entidad tercera (ejemplo: publicar videos en Youtube, publicar comentarios en Redes Sociales, Anal\u00edticas de tr\u00e1fico del sitio Web, etc.)<\/li>\n<li><strong>Website:<\/strong> URL donde se puede leer la pol\u00edtica de privacidad de la entidad que presta el servicio<\/li>\n<li><strong>Otros datos de inter\u00e9s:<\/strong> Cualquier otra informaci\u00f3n relevante.<\/li>\n<\/ul>\n<figure class=\"wp-block-table\">\n<table>\n<tbody>\n<tr>\n<td><strong>ENTIDAD:<\/strong><\/td>\n<td>\u00a0<\/td>\n<\/tr>\n<tr>\n<td><strong>FINALIDAD:<\/strong><\/td>\n<td>\u00a0<\/td>\n<\/tr>\n<tr>\n<td><strong>WEBSITE:<\/strong><\/td>\n<td>\u00a0<\/td>\n<\/tr>\n<tr>\n<td><strong>OTROS DATOS DE INTER\u00c9S:<\/strong><\/td>\n<td>\u00a0<\/td>\n<\/tr>\n<\/tbody>\n<\/table>\n<\/figure>\n<figure class=\"wp-block-table\">\n<table>\n<tbody>\n<tr>\n<td><strong>ENTIDAD:<\/strong><\/td>\n<td>\u00a0<\/td>\n<\/tr>\n<tr>\n<td><strong>FINALIDAD:<\/strong><\/td>\n<td>\u00a0<\/td>\n<\/tr>\n<tr>\n<td><strong>WEBSITE:<\/strong><\/td>\n<td>\u00a0<\/td>\n<\/tr>\n<tr>\n<td><strong>OTROS DATOS DE INTER\u00c9S:<\/strong><\/td>\n<td>\u00a0<\/td>\n<\/tr>\n<\/tbody>\n<\/table>\n<\/figure>\n<figure class=\"wp-block-table\">\n<table>\n<tbody>\n<tr>\n<td><strong>ENTIDAD:<\/strong><\/td>\n<td>\u00a0<\/td>\n<\/tr>\n<tr>\n<td><strong>FINALIDAD:<\/strong><\/td>\n<td>\u00a0<\/td>\n<\/tr>\n<tr>\n<td><strong>WEBSITE:<\/strong><\/td>\n<td>\u00a0<\/td>\n<\/tr>\n<tr>\n<td><strong>OTROS DATOS DE INTER\u00c9S:<\/strong><\/td>\n<td>\u00a0<\/td>\n<\/tr>\n<\/tbody>\n<\/table>\n<\/figure>\n<figure class=\"wp-block-table\">\n<table>\n<tbody>\n<tr>\n<td><strong>ENTIDAD:<\/strong><\/td>\n<td>\u00a0<\/td>\n<\/tr>\n<tr>\n<td><strong>FINALIDAD:<\/strong><\/td>\n<td>\u00a0<\/td>\n<\/tr>\n<tr>\n<td><strong>WEBSITE:<\/strong><\/td>\n<td>\u00a0<\/td>\n<\/tr>\n<tr>\n<td><strong>OTROS DATOS DE INTER\u00c9S:<\/strong><\/td>\n<td>\u00a0<\/td>\n<\/tr>\n<\/tbody>\n<\/table>\n<\/figure>\n<figure class=\"wp-block-table\">\n<table>\n<tbody>\n<tr>\n<td><strong>ENTIDAD:<\/strong><\/td>\n<td>\u00a0<\/td>\n<\/tr>\n<tr>\n<td><strong>FINALIDAD:<\/strong><\/td>\n<td>\u00a0<\/td>\n<\/tr>\n<tr>\n<td><strong>WEBSITE:<\/strong><\/td>\n<td>\u00a0<\/td>\n<\/tr>\n<tr>\n<td><strong>OTROS DATOS DE INTER\u00c9S:<\/strong><\/td>\n<td>\u00a0<\/td>\n<\/tr>\n<\/tbody>\n<\/table>\n<\/figure>\n<figure class=\"wp-block-table\">\n<table>\n<tbody>\n<tr>\n<td><strong>ENTIDAD:<\/strong><\/td>\n<td>\u00a0<\/td>\n<\/tr>\n<tr>\n<td><strong>FINALIDAD:<\/strong><\/td>\n<td>\u00a0<\/td>\n<\/tr>\n<tr>\n<td><strong>WEBSITE:<\/strong><\/td>\n<td>\u00a0<\/td>\n<\/tr>\n<tr>\n<td><strong>OTROS DATOS DE INTER\u00c9S:<\/strong><\/td>\n<td>\u00a0<\/td>\n<\/tr>\n<\/tbody>\n<\/table>\n<\/figure>\n<p><strong>6.- ACEPTACI\u00d3N DE LA POL\u00cdTICA DE COOKIES<\/strong><\/p>\n<p>ANDRES CASTELLAR L\u00d3PEZ S.L muestra al Usuario informaci\u00f3n sobre el uso de Cookies en el Sitio Web mediante un mensaje emergente en el que el Usuario podr\u00e1 realizar las siguientes acciones, que ser\u00e1n almacenadas en el navegador mientras el Usuario no borre el historial y Cookies almacenadas:<\/p>\n<ul>\n<li><strong>Aceptar todas las Cookies,<\/strong> por lo que el Usuario estar\u00e1 consintiendo el uso de las cookies enunciadas en esta Pol\u00edtica de Cookies, por los plazos se\u00f1alados y en las condiciones establecidas.<\/li>\n<li><strong>Rechazar todas las Cookies<\/strong>, excepto aquellas Cookies t\u00e9cnicas imprescindibles para el correcto funcionamiento del Sitio Web.<\/li>\n<li><strong>Modificar la configuraci\u00f3n del uso de Cookies,<\/strong> donde el Usuario podr\u00e1 realizar una aceptaci\u00f3n o rechazo selectivo de cada Cookie y\/o por tipolog\u00eda<\/li>\n<li><strong>Aceptar todos los servicios ofrecidos por terceros<\/strong>, por lo que el Usuario acepta que el Sitio Web haga uso de servicios ofrecidos por terceros teniendo en cuenta que \u00e9stos recaban y procesan datos recogidos durante la navegaci\u00f3n conforme a sus propias Pol\u00edticas de Cookies.<\/li>\n<li><strong>Rechazar todos los servicios ofrecidos por terceros<\/strong>, lo que implicar\u00e1 que el usuario no podr\u00e1 hacer uso de los servicios ofrecidos por terceros en el sitio Web (Facebook, Youtube, Whatsapp, Instagram, etc.)<\/li>\n<li><strong>Modificar la configuraci\u00f3n del uso de servicios ofrecidos por terceros<\/strong>, donde el Usuario podr\u00e1 realizar una aceptaci\u00f3n o rechazo selectivo de cada servicio.<\/li>\n<li><strong>Acceder a la completa Pol\u00edtica de Cookies del Sitio Web,<\/strong> donde se detallan todos los aspectos de uso de Cookies.<\/li>\n<\/ul>\n<p>Con independencia de lo anterior, el Usuario siempre podr\u00e1 acceder al texto completo de la Pol\u00edtica de Cookies y la funcionalidad de configuraci\u00f3n de uso en el pie o footer del Sitio Web.<\/p>\n<p><strong>7.- MODIFICACI\u00d3N Y BLOQUEO DE COOKIES<\/strong><\/p>\n<p>El Usuario podr\u00e1 configurar el uso de Cookies a su propio criterio mediante la opci\u00f3n de configuraci\u00f3n de Cookies que se ofrece en el pie del Sitio Web.<\/p>\n<p>Independientemente de lo anterior, puede restringir, bloquear y\/o borrar las Cookies de ANDRES CASTELLAR L\u00d3PEZ S.L o cualquier otra p\u00e1gina web, utilizando la configuraci\u00f3n de su propio navegador, teniendo en cuenta que, en cada navegador, la operativa de configuraci\u00f3n de Cookies e Historial es diferente.<\/p>\n<p>A continuaci\u00f3n, le facilitamos algunos enlaces donde podr\u00e1 averiguar la forma de configurar el uso de cookies en los navegadores m\u00e1s populares:<\/p>\n<p><strong>GOOGLE CHROME:<\/strong><\/p>\n<p><a href=\"https:\/\/support.google.com\/accounts\/answer\/61416?co=GENIE.Platform%3DDesktop&amp;hl=es\">https:\/\/support.google.com\/accounts\/answer\/61416?co=GENIE.Platform%3DDesktop&amp;hl=es<\/a><\/p>\n<p><strong>MOZILLA FIREFOX:<\/strong><\/p>\n<p><a href=\"https:\/\/support.mozilla.org\/es\/kb\/habilitar-y-deshabilitar-cookies-sitios-web-rastrear-preferencias\">https:\/\/support.mozilla.org\/es\/kb\/habilitar-y-deshabilitar-cookies-sitios-web-rastrear-preferencias<\/a><\/p>\n<p><strong>MICROSOFT EDGE:<\/strong><\/p>\n<p><a href=\"https:\/\/support.microsoft.com\/es-es\/windows\/eliminar-y-administrar-cookies-168dab11-0753-043d-7c16-ede5947fc64d\">https:\/\/support.microsoft.com\/es-es\/windows\/eliminar-y-administrar-cookies-168dab11-0753-043d-7c16-ede5947fc64d<\/a><\/p>\n<p><strong>SAFARI:<\/strong><\/p>\n<p><a href=\"https:\/\/support.apple.com\/es-lamr\/guide\/safari\/sfri11471\/mac\">https:\/\/support.apple.com\/es-lamr\/guide\/safari\/sfri11471\/mac<\/a><\/p>\n<p>Adem\u00e1s, tambi\u00e9n puede gestionar el almac\u00e9n de cookies en su navegador a trav\u00e9s de herramientas como las siguientes:<\/p>\n<p><strong>Ghostery:<\/strong> <a href=\"http:\/\/www.ghostery.com\/\">www.ghostery.com\/<\/a><br \/><strong>Your online choices:<\/strong> <a href=\"http:\/\/www.youronlinechoices.com\/es\/\">www.youronlinechoices.com\/es\/<\/a><\/p>\n<p><strong>8.- CAMBIOS EN LA POL\u00cdTICA DE COOKIES<\/strong><\/p>\n<p>Es posible que actualicemos la Pol\u00edtica de Cookies de nuestro Sitio Web. Por ello, se recomienda al Usuario del Website que revise esta pol\u00edtica cada vez que acceda a nuestro Sitio Web con el objetivo de estar adecuadamente informado sobre c\u00f3mo y para qu\u00e9 usamos las cookies.<\/p>\n<p><em>Versi\u00f3n de 30 de octubre de 2025<\/em><\/p>\n","protected":false},"excerpt":{"rendered":"<p>\u00cdNDICE Identificaci\u00f3n del propietario del Website Informaci\u00f3n y terminolog\u00eda Clasificaci\u00f3n tipol\u00f3gica de Cookies Detalles de las cookies utilizadas Funcionalidades de terceros o socios Consentimiento para el uso de Cookies Deshabilitar y bloquear Cookies Cambios en la Pol\u00edtica de Cookies 1.- PROPIEDAD DEL SITIO WEB Responsable: ANDRES CASTELLAR L\u00d3PEZ S.L &#8211; CIF B23903057 Direcci\u00f3n: Avda. Mediterr\u00e1neo, N\u00ba47. 12200, Onda (Castell\u00f3n), Espa\u00f1a Contacto: Tel.: 964 600 117 &#8211; Email: info@transportescastellar.com Datos de registro: \u00a0 Actividad: Transporte de mercanc\u00edas por carretera 2.- INFORMACI\u00d3N Y TERMINOLOG\u00cdAS Nuestro sitio Web http:\/\/www.transportescastellar.com (en adelante &#8220;Website&#8221;) utiliza una tecnolog\u00eda denominada &#8220;cookies&#8221; con la finalidad de poder recabar informaci\u00f3n acerca del uso del Website, conforme a lo establecido en el art\u00edculo 22 de la LSSI Las cookies son archivos peque\u00f1os que las p\u00e1ginas web, tiendas online, intranets, plataformas online o similares, almacenan en el navegador del usuario que las visita y que permiten recuperar informaci\u00f3n ya almacenada y aportar a la navegaci\u00f3n web innumerables ventajas en la prestaci\u00f3n de servicios interactivos, as\u00ed como aportar informaci\u00f3n relevante al propietario de la Web. 3.- CLASIFICACI\u00d3N TIPOL\u00d3GICA DE COOKIES La siguiente clasificaci\u00f3n de posibles tipos de Cookie, que se ofrecen a t\u00edtulo orientativo por ser las m\u00e1s habituales, ayuda a comprender&hellip;<\/p>\n","protected":false},"author":1,"featured_media":0,"parent":0,"menu_order":0,"comment_status":"closed","ping_status":"closed","template":"","meta":[],"translation":{"provider":"WPGlobus","version":"2.5.17","language":"en","enabled_languages":["es","en"],"languages":{"es":{"title":true,"content":true,"excerpt":false},"en":{"title":false,"content":false,"excerpt":false}}},"_links":{"self":[{"href":"https:\/\/www.transportescastellar.com\/en\/wp-json\/wp\/v2\/pages\/216"}],"collection":[{"href":"https:\/\/www.transportescastellar.com\/en\/wp-json\/wp\/v2\/pages"}],"about":[{"href":"https:\/\/www.transportescastellar.com\/en\/wp-json\/wp\/v2\/types\/page"}],"author":[{"embeddable":true,"href":"https:\/\/www.transportescastellar.com\/en\/wp-json\/wp\/v2\/users\/1"}],"replies":[{"embeddable":true,"href":"https:\/\/www.transportescastellar.com\/en\/wp-json\/wp\/v2\/comments?post=216"}],"version-history":[{"count":5,"href":"https:\/\/www.transportescastellar.com\/en\/wp-json\/wp\/v2\/pages\/216\/revisions"}],"predecessor-version":[{"id":239,"href":"https:\/\/www.transportescastellar.com\/en\/wp-json\/wp\/v2\/pages\/216\/revisions\/239"}],"wp:attachment":[{"href":"https:\/\/www.transportescastellar.com\/en\/wp-json\/wp\/v2\/media?parent=216"}],"curies":[{"name":"wp","href":"https:\/\/api.w.org\/{rel}","templated":true}]}}