{"id":19,"date":"2016-03-17T12:55:19","date_gmt":"2016-03-17T12:55:19","guid":{"rendered":"http:\/\/www.transportescastellar.com\/?page_id=19"},"modified":"2023-10-17T07:40:09","modified_gmt":"2023-10-17T07:40:09","slug":"situacion-y-contacto","status":"publish","type":"page","link":"https:\/\/www.transportescastellar.com\/en\/situacion-y-contacto\/","title":{"rendered":"Location and Contact"},"content":{"rendered":"<p>[vc_row full_width=&#8221;&#8221; parallax=&#8221;&#8221; parallax_image=&#8221;&#8221;][vc_column width=&#8221;1\/6&#8243;][vc_column_text]<br \/>\n[\/vc_column_text][\/vc_column][vc_column width=&#8221;2\/3&#8243;][vc_column_text]<\/p>\n<p><iframe style=\"border: 0;\" src=\"https:\/\/www.google.com\/maps\/embed?pb=!1m18!1m12!1m3!1d3057.953752957013!2d-0.2500649482911497!3d39.9647866793193!2m3!1f0!2f0!3f0!3m2!1i1024!2i768!4f13.1!3m3!1m2!1s0xd600a6be1e23533%3A0x89168d6dec5793a8!2sTransportes+Andr%C3%A9s+Castellar!5e0!3m2!1ses!2ses!4v1458306655671\" width=\"900\" height=\"250\" frameborder=\"0\" allowfullscreen=\"allowfullscreen\"><\/iframe><\/p>\n<p>[\/vc_column_text][\/vc_column][vc_column width=&#8221;1\/6&#8243;][vc_column_text]<br \/>\n[\/vc_column_text][\/vc_column][\/vc_row][vc_row full_width=&#8221;&#8221; parallax=&#8221;&#8221; parallax_image=&#8221;&#8221; el_id=&#8221;&#8221;][vc_column width=&#8221;1\/4&#8243;][vc_column_text]<br \/>\n[\/vc_column_text][\/vc_column][vc_column width=&#8221;1\/2&#8243;][vc_row_inner][vc_column_inner el_class=&#8221;&#8221; width=&#8221;1\/2&#8243;][vc_single_image image=&#8221;100&#8243; alignment=&#8221;center&#8221; border_color=&#8221;grey&#8221; img_link_large=&#8221;&#8221; img_link_target=&#8221;_self&#8221; img_size=&#8221;full&#8221;][\/vc_column_inner][vc_column_inner el_class=&#8221;&#8221; width=&#8221;1\/2&#8243;][vc_column_text]<\/p>\n<p style=\"text-align: justify; line-height: 19px;\"><span style=\"color: #c02d49;\"><strong>ANDRES CASTELLAR LOPEZ<\/strong><\/span><br \/>\nAVDA. DEL MEDITERRANEO 47<br \/>\n12200 ONDA (CASTELLON DE LA PLANA)<br \/>\nSPAIN<\/p>\n<hr \/>\n<p style=\"text-align: justify; line-height: 19px;\"><span style=\"color: #c02d49;\">TELF.<\/span> (+34) 964 600 117<br \/>\n<span style=\"color: #c02d49;\">FAX<\/span> (+34) 964 601 941<br \/>\n<a href=\"mailto:info@transportescastellar.com\">info@transportescastellar.com<\/a><\/p>\n<p>[\/vc_column_text][\/vc_column_inner][\/vc_row_inner][\/vc_column][vc_column width=&#8221;1\/4&#8243;][vc_column_text]<br \/>\n[\/vc_column_text][\/vc_column][\/vc_row][vc_row full_width=&#8221;&#8221; parallax=&#8221;&#8221; parallax_image=&#8221;&#8221; el_id=&#8221;&#8221;][vc_column width=&#8221;1\/6&#8243;][vc_column_text css_animation=&#8221;&#8221;]<br \/>\n[\/vc_column_text][\/vc_column][vc_column width=&#8221;2\/3&#8243;][vc_column_text]<\/p>\n<p style=\"text-align: justify; font-size: 12px;\"><strong>NOTA\u00a0 LEGAL<\/strong><\/p>\n<p style=\"text-align: justify; font-size: 10px;\">Conforme a lo dispuesto en la L.O. 15\/1.999 de Protecci\u00f3n de Datos de Car\u00e1cter Personal, los datos recogidos en el presente documento van a ser incorporados a un fichero de tratamiento automatizado, titularidad de Andr\u00e9s Castellar Lopez para la finalidad de comunicarse con las personas solicitantes, la resoluci\u00f3n de consultas on-line y recibir comunicaciones comerciales, pudiendo ejercitar Ud. los derechos de acceso, rectificaci\u00f3n, cancelaci\u00f3n u oposici\u00f3n mediante solicitud por escrito en la Avda. del Mediterr\u00e1neo, 47 12200 Onda (Castell\u00f3n), acompa\u00f1ando una copia del D.N.I. o bien mediante correo electr\u00f3nico firmado digitalmente, al objeto de acreditar su identidad, dirigido a info@transportescastellar.com. La empresa ha adoptado las medidas de seguridad previstas en la normativa vigente, encontr\u00e1ndose sus ficheros inscritos en la Agencia Espa\u00f1ola de Protecci\u00f3n de Datos, garantizando el secreto y la confidencialidad de los mismos.<\/p>\n<p>[\/vc_column_text][\/vc_column][vc_column width=&#8221;1\/6&#8243;][vc_column_text css_animation=&#8221;&#8221;]<br \/>\n[\/vc_column_text][\/vc_column][\/vc_row]<\/p>\n","protected":false},"excerpt":{"rendered":"<p>[vc_row full_width=&#8221;&#8221; parallax=&#8221;&#8221; parallax_image=&#8221;&#8221;][vc_column width=&#8221;1\/6&#8243;][vc_column_text] [\/vc_column_text][\/vc_column][vc_column width=&#8221;2\/3&#8243;][vc_column_text] [\/vc_column_text][\/vc_column][vc_column width=&#8221;1\/6&#8243;][vc_column_text] [\/vc_column_text][\/vc_column][\/vc_row][vc_row full_width=&#8221;&#8221; parallax=&#8221;&#8221; parallax_image=&#8221;&#8221; el_id=&#8221;&#8221;][vc_column width=&#8221;1\/4&#8243;][vc_column_text] [\/vc_column_text][\/vc_column][vc_column width=&#8221;1\/2&#8243;][vc_row_inner][vc_column_inner el_class=&#8221;&#8221; width=&#8221;1\/2&#8243;][vc_single_image image=&#8221;100&#8243; alignment=&#8221;center&#8221; border_color=&#8221;grey&#8221; img_link_large=&#8221;&#8221; img_link_target=&#8221;_self&#8221; img_size=&#8221;full&#8221;][\/vc_column_inner][vc_column_inner el_class=&#8221;&#8221; width=&#8221;1\/2&#8243;][vc_column_text] ANDRES CASTELLAR LOPEZ AVDA. DEL MEDITERRANEO 47 12200 ONDA (CASTELLON DE LA PLANA) SPAIN TELF. (+34) 964 600 117 FAX (+34) 964 601 941 info@transportescastellar.com [\/vc_column_text][\/vc_column_inner][\/vc_row_inner][\/vc_column][vc_column width=&#8221;1\/4&#8243;][vc_column_text] [\/vc_column_text][\/vc_column][\/vc_row][vc_row full_width=&#8221;&#8221; parallax=&#8221;&#8221; parallax_image=&#8221;&#8221; el_id=&#8221;&#8221;][vc_column width=&#8221;1\/6&#8243;][vc_column_text css_animation=&#8221;&#8221;] [\/vc_column_text][\/vc_column][vc_column width=&#8221;2\/3&#8243;][vc_column_text] NOTA\u00a0 LEGAL Conforme a lo dispuesto en la L.O. 15\/1.999 de Protecci\u00f3n de Datos de Car\u00e1cter Personal, los datos recogidos en el presente documento van a ser incorporados a un fichero de tratamiento automatizado, titularidad de Andr\u00e9s Castellar Lopez para la finalidad de comunicarse con las personas solicitantes, la resoluci\u00f3n de consultas on-line y recibir comunicaciones comerciales, pudiendo ejercitar Ud. los derechos de acceso, rectificaci\u00f3n, cancelaci\u00f3n u oposici\u00f3n mediante solicitud por escrito en la Avda. del Mediterr\u00e1neo, 47 12200 Onda (Castell\u00f3n), acompa\u00f1ando una copia del D.N.I. o bien mediante correo electr\u00f3nico firmado digitalmente, al objeto de acreditar su identidad, dirigido a info@transportescastellar.com. La empresa ha adoptado las medidas de seguridad previstas en la normativa vigente, encontr\u00e1ndose sus ficheros inscritos en la Agencia Espa\u00f1ola de Protecci\u00f3n de Datos, garantizando el secreto y la confidencialidad de los mismos. [\/vc_column_text][\/vc_column][vc_column&hellip;<\/p>\n","protected":false},"author":1,"featured_media":0,"parent":0,"menu_order":0,"comment_status":"closed","ping_status":"closed","template":"","meta":[],"translation":{"provider":"WPGlobus","version":"2.5.17","language":"en","enabled_languages":["es","en"],"languages":{"es":{"title":true,"content":true,"excerpt":false},"en":{"title":true,"content":true,"excerpt":false}}},"_links":{"self":[{"href":"https:\/\/www.transportescastellar.com\/en\/wp-json\/wp\/v2\/pages\/19"}],"collection":[{"href":"https:\/\/www.transportescastellar.com\/en\/wp-json\/wp\/v2\/pages"}],"about":[{"href":"https:\/\/www.transportescastellar.com\/en\/wp-json\/wp\/v2\/types\/page"}],"author":[{"embeddable":true,"href":"https:\/\/www.transportescastellar.com\/en\/wp-json\/wp\/v2\/users\/1"}],"replies":[{"embeddable":true,"href":"https:\/\/www.transportescastellar.com\/en\/wp-json\/wp\/v2\/comments?post=19"}],"version-history":[{"count":11,"href":"https:\/\/www.transportescastellar.com\/en\/wp-json\/wp\/v2\/pages\/19\/revisions"}],"predecessor-version":[{"id":229,"href":"https:\/\/www.transportescastellar.com\/en\/wp-json\/wp\/v2\/pages\/19\/revisions\/229"}],"wp:attachment":[{"href":"https:\/\/www.transportescastellar.com\/en\/wp-json\/wp\/v2\/media?parent=19"}],"curies":[{"name":"wp","href":"https:\/\/api.w.org\/{rel}","templated":true}]}}