{"id":17,"date":"2016-03-17T12:54:58","date_gmt":"2016-03-17T12:54:58","guid":{"rendered":"http:\/\/www.transportescastellar.com\/?page_id=17"},"modified":"2016-03-18T13:22:18","modified_gmt":"2016-03-18T13:22:18","slug":"bolsa-de-transportistas","status":"publish","type":"page","link":"https:\/\/www.transportescastellar.com\/en\/bolsa-de-transportistas\/","title":{"rendered":"Bolsa de Transportistas"},"content":{"rendered":"<p>[vc_row full_width=&#8221;&#8221; parallax=&#8221;&#8221; parallax_image=&#8221;&#8221;][vc_column width=&#8221;1\/4&#8243;][vc_column_text]<br \/>\n[\/vc_column_text][\/vc_column][vc_column width=&#8221;1\/2&#8243;][vc_column_text]<\/p>\n<p>Si dispone de un cami\u00f3n y busca carga, podemos ayudarle, <strong>trabaje con nosotros<\/strong>.<\/p>\n<p>[\/vc_column_text][\/vc_column][vc_column width=&#8221;1\/4&#8243;][vc_column_text]<br \/>\n[\/vc_column_text][\/vc_column][\/vc_row][vc_row full_width=&#8221;&#8221; parallax=&#8221;&#8221; parallax_image=&#8221;&#8221; el_id=&#8221;&#8221;][vc_column width=&#8221;1\/4&#8243;][vc_column_text]<br \/>\n[\/vc_column_text][\/vc_column][vc_column width=&#8221;1\/2&#8243;][vc_column_text]<\/p>\n\t<div id=\"ninja_forms_form_5_cont\" class=\"ninja-forms-cont\">\n\t\t<div id=\"ninja_forms_form_5_wrap\" class=\"ninja-forms-form-wrap\">\n\t<div id=\"ninja_forms_form_5_response_msg\" style=\"\" class=\"ninja-forms-response-msg \"><\/div>\t<form id=\"ninja_forms_form_5\" enctype=\"multipart\/form-data\" method=\"post\" name=\"\" action=\"\" class=\"ninja-forms-form\">\n\n\t<input type=\"hidden\" id=\"_wpnonce\" name=\"_wpnonce\" value=\"f588c1772e\" \/><input type=\"hidden\" name=\"_wp_http_referer\" value=\"\/en\/wp-json\/wp\/v2\/pages\/17\" \/>\t<input type=\"hidden\" name=\"_ninja_forms_display_submit\" value=\"1\">\n\t<input type=\"hidden\" name=\"_form_id\"  id=\"_form_id\" value=\"5\">\n\t\t<div class=\"hp-wrap\">\n\t\t<label>Si eres un ser humano y est\u00e1s viendo este campo, por favor, d\u00e9jalo en blanco.\t\t\t<input type=\"text\" value=\"\" name=\"_6vGAr\">\n\t\t\t<input type=\"hidden\" value=\"_6vGAr\" name=\"_hp_name\">\n\t\t<\/label>\n\t<\/div>\n\t\t<div id=\"ninja_forms_form_5_all_fields_wrap\" class=\"ninja-forms-all-fields-wrap\">\n\t\t\t<div class=\"ninja-forms-required-items\">Campos marcadas con <span class=\"ninja-forms-req-symbol\">*<\/span> son obligatorios:<\/div>\n\t\t\t\t\t\t\t\t<div class=\"field-wrap text-wrap label-above\"  id=\"ninja_forms_field_33_div_wrap\" data-visible=\"1\">\n\t\t\t\t\t\t\t<input type=\"hidden\" id=\"ninja_forms_field_33_type\" value=\"text\">\n\t\t<label for=\"ninja_forms_field_33\" id=\"ninja_forms_field_33_label\" class=\"\">EMPRESA: <span class='ninja-forms-req-symbol'><strong>*<\/strong><\/span>\t\t\t\t<\/label>\n\t\t\t<input id=\"ninja_forms_field_33\" data-mask=\"\" data-input-limit=\"\" data-input-limit-type=\"char\" data-input-limit-msg=\"\" name=\"ninja_forms_field_33\" type=\"text\" placeholder=\"\" class=\"ninja-forms-field  ninja-forms-req \" value=\"\" rel=\"33\"   \/>\n\t\t<div id=\"ninja_forms_field_33_error\" style=\"display:none;\" class=\"ninja-forms-field-error\">\n\t\t<\/div>\n\t\t\t\t\t\t\t<\/div>\n\t\t\t\t\t\t\t\t\t\t\t\t<div class=\"field-wrap text-wrap label-above\"  id=\"ninja_forms_field_34_div_wrap\" data-visible=\"1\">\n\t\t\t\t\t\t\t<input type=\"hidden\" id=\"ninja_forms_field_34_type\" value=\"text\">\n\t\t<label for=\"ninja_forms_field_34\" id=\"ninja_forms_field_34_label\" class=\"\">CONTACTO: <span class='ninja-forms-req-symbol'><strong>*<\/strong><\/span>\t\t\t\t<\/label>\n\t\t\t<input id=\"ninja_forms_field_34\" data-mask=\"\" data-input-limit=\"\" data-input-limit-type=\"char\" data-input-limit-msg=\"\" name=\"ninja_forms_field_34\" type=\"text\" placeholder=\"\" class=\"ninja-forms-field  ninja-forms-req \" value=\"\" rel=\"34\"   \/>\n\t\t<div id=\"ninja_forms_field_34_error\" style=\"display:none;\" class=\"ninja-forms-field-error\">\n\t\t<\/div>\n\t\t\t\t\t\t\t<\/div>\n\t\t\t\t\t\t\t\t\t\t\t\t<div class=\"field-wrap text-wrap label-above\"  id=\"ninja_forms_field_35_div_wrap\" data-visible=\"1\">\n\t\t\t\t\t\t\t<input type=\"hidden\" id=\"ninja_forms_field_35_type\" value=\"text\">\n\t\t<label for=\"ninja_forms_field_35\" id=\"ninja_forms_field_35_label\" class=\"\">DIRECCI\u00d3N: <span class='ninja-forms-req-symbol'><strong>*<\/strong><\/span>\t\t\t\t<\/label>\n\t\t\t<input id=\"ninja_forms_field_35\" data-mask=\"\" data-input-limit=\"\" data-input-limit-type=\"char\" data-input-limit-msg=\"\" name=\"ninja_forms_field_35\" type=\"text\" placeholder=\"\" class=\"ninja-forms-field  ninja-forms-req address address1 \" value=\"\" rel=\"35\"   \/>\n\t\t<div id=\"ninja_forms_field_35_error\" style=\"display:none;\" class=\"ninja-forms-field-error\">\n\t\t<\/div>\n\t\t\t\t\t\t\t<\/div>\n\t\t\t\t\t\t\t\t\t\t\t\t<div class=\"field-wrap text-wrap label-above\"  id=\"ninja_forms_field_36_div_wrap\" data-visible=\"1\">\n\t\t\t\t\t\t\t<input type=\"hidden\" id=\"ninja_forms_field_36_type\" value=\"text\">\n\t\t<label for=\"ninja_forms_field_36\" id=\"ninja_forms_field_36_label\" class=\"\">C\u00d3DIGO POSTAL: <span class='ninja-forms-req-symbol'><strong>*<\/strong><\/span>\t\t\t\t<\/label>\n\t\t\t<input id=\"ninja_forms_field_36\" data-mask=\"\" data-input-limit=\"\" data-input-limit-type=\"char\" data-input-limit-msg=\"\" name=\"ninja_forms_field_36\" type=\"text\" placeholder=\"\" class=\"ninja-forms-field  ninja-forms-req address zip \" value=\"\" rel=\"36\"   \/>\n\t\t<div id=\"ninja_forms_field_36_error\" style=\"display:none;\" class=\"ninja-forms-field-error\">\n\t\t<\/div>\n\t\t\t\t\t\t\t<\/div>\n\t\t\t\t\t\t\t\t\t\t\t\t<div class=\"field-wrap text-wrap label-above\"  id=\"ninja_forms_field_37_div_wrap\" data-visible=\"1\">\n\t\t\t\t\t\t\t<input type=\"hidden\" id=\"ninja_forms_field_37_type\" value=\"text\">\n\t\t<label for=\"ninja_forms_field_37\" id=\"ninja_forms_field_37_label\" class=\"\">POBLACI\u00d3N: <span class='ninja-forms-req-symbol'><strong>*<\/strong><\/span>\t\t\t\t<\/label>\n\t\t\t<input id=\"ninja_forms_field_37\" data-mask=\"\" data-input-limit=\"\" data-input-limit-type=\"char\" data-input-limit-msg=\"\" name=\"ninja_forms_field_37\" type=\"text\" placeholder=\"\" class=\"ninja-forms-field  ninja-forms-req address city \" value=\"\" rel=\"37\"   \/>\n\t\t<div id=\"ninja_forms_field_37_error\" style=\"display:none;\" class=\"ninja-forms-field-error\">\n\t\t<\/div>\n\t\t\t\t\t\t\t<\/div>\n\t\t\t\t\t\t\t\t\t\t\t\t<div class=\"field-wrap text-wrap label-above\"  id=\"ninja_forms_field_38_div_wrap\" data-visible=\"1\">\n\t\t\t\t\t\t\t<input type=\"hidden\" id=\"ninja_forms_field_38_type\" value=\"text\">\n\t\t<label for=\"ninja_forms_field_38\" id=\"ninja_forms_field_38_label\" class=\"\">PROVINCIA: <span class='ninja-forms-req-symbol'><strong>*<\/strong><\/span>\t\t\t\t<\/label>\n\t\t\t<input id=\"ninja_forms_field_38\" data-mask=\"\" data-input-limit=\"\" data-input-limit-type=\"char\" data-input-limit-msg=\"\" name=\"ninja_forms_field_38\" type=\"text\" placeholder=\"\" class=\"ninja-forms-field  ninja-forms-req address city \" value=\"\" rel=\"38\"   \/>\n\t\t<div id=\"ninja_forms_field_38_error\" style=\"display:none;\" class=\"ninja-forms-field-error\">\n\t\t<\/div>\n\t\t\t\t\t\t\t<\/div>\n\t\t\t\t\t\t\t\t\t\t\t\t<div class=\"field-wrap text-wrap label-above\"  id=\"ninja_forms_field_39_div_wrap\" data-visible=\"1\">\n\t\t\t\t\t\t\t<input type=\"hidden\" id=\"ninja_forms_field_39_type\" value=\"text\">\n\t\t<label for=\"ninja_forms_field_39\" id=\"ninja_forms_field_39_label\" class=\"\">PAIS <span class='ninja-forms-req-symbol'><strong>*<\/strong><\/span>\t\t\t\t<\/label>\n\t\t\t<input id=\"ninja_forms_field_39\" data-mask=\"\" data-input-limit=\"\" data-input-limit-type=\"char\" data-input-limit-msg=\"\" name=\"ninja_forms_field_39\" type=\"text\" placeholder=\"\" class=\"ninja-forms-field  ninja-forms-req address city \" value=\"\" rel=\"39\"   \/>\n\t\t<div id=\"ninja_forms_field_39_error\" style=\"display:none;\" class=\"ninja-forms-field-error\">\n\t\t<\/div>\n\t\t\t\t\t\t\t<\/div>\n\t\t\t\t\t\t\t\t\t\t\t\t<div class=\"field-wrap text-wrap label-above\"  id=\"ninja_forms_field_40_div_wrap\" data-visible=\"1\">\n\t\t\t\t\t\t\t<input type=\"hidden\" id=\"ninja_forms_field_40_type\" value=\"text\">\n\t\t<label for=\"ninja_forms_field_40\" id=\"ninja_forms_field_40_label\" class=\"\">TEL\u00c9FONO: <span class='ninja-forms-req-symbol'><strong>*<\/strong><\/span>\t\t\t\t<\/label>\n\t\t\t<input id=\"ninja_forms_field_40\" data-mask=\"\" data-input-limit=\"\" data-input-limit-type=\"char\" data-input-limit-msg=\"\" name=\"ninja_forms_field_40\" type=\"text\" placeholder=\"\" class=\"ninja-forms-field  ninja-forms-req \" value=\"\" rel=\"40\"   \/>\n\t\t<div id=\"ninja_forms_field_40_error\" style=\"display:none;\" class=\"ninja-forms-field-error\">\n\t\t<\/div>\n\t\t\t\t\t\t\t<\/div>\n\t\t\t\t\t\t\t\t\t\t\t\t<div class=\"field-wrap text-wrap label-above\"  id=\"ninja_forms_field_62_div_wrap\" data-visible=\"1\">\n\t\t\t\t\t\t\t<input type=\"hidden\" id=\"ninja_forms_field_62_type\" value=\"text\">\n\t\t<label for=\"ninja_forms_field_62\" id=\"ninja_forms_field_62_label\" class=\"\">FAX: \t\t\t\t<\/label>\n\t\t\t<input id=\"ninja_forms_field_62\" data-mask=\"\" data-input-limit=\"\" data-input-limit-type=\"char\" data-input-limit-msg=\"\" name=\"ninja_forms_field_62\" type=\"text\" placeholder=\"\" class=\"ninja-forms-field  \" value=\"\" rel=\"62\"   \/>\n\t\t<div id=\"ninja_forms_field_62_error\" style=\"display:none;\" class=\"ninja-forms-field-error\">\n\t\t<\/div>\n\t\t\t\t\t\t\t<\/div>\n\t\t\t\t\t\t\t\t\t\t\t\t<div class=\"field-wrap text-wrap label-above\"  id=\"ninja_forms_field_42_div_wrap\" data-visible=\"1\">\n\t\t\t\t\t\t\t<input type=\"hidden\" id=\"ninja_forms_field_42_type\" value=\"text\">\n\t\t<label for=\"ninja_forms_field_42\" id=\"ninja_forms_field_42_label\" class=\"\">EMAIL: \t\t\t\t<\/label>\n\t\t\t<input id=\"ninja_forms_field_42\" data-mask=\"\" data-input-limit=\"\" data-input-limit-type=\"char\" data-input-limit-msg=\"\" name=\"ninja_forms_field_42\" type=\"text\" placeholder=\"\" class=\"ninja-forms-field  email \" value=\"\" rel=\"42\"   \/>\n\t\t<div id=\"ninja_forms_field_42_error\" style=\"display:none;\" class=\"ninja-forms-field-error\">\n\t\t<\/div>\n\t\t\t\t\t\t\t<\/div>\n\t\t\t\t\t\t\t\t\t\t\t\t<div class=\"field-wrap text-wrap label-above\"  id=\"ninja_forms_field_43_div_wrap\" data-visible=\"1\">\n\t\t\t\t\t\t\t<input type=\"hidden\" id=\"ninja_forms_field_43_type\" value=\"text\">\n\t\t<label for=\"ninja_forms_field_43\" id=\"ninja_forms_field_43_label\" class=\"\">TIPO DE CAMI\u00d3N: \t\t\t\t<\/label>\n\t\t\t<input id=\"ninja_forms_field_43\" data-mask=\"\" data-input-limit=\"\" data-input-limit-type=\"char\" data-input-limit-msg=\"tipos restantes\" name=\"ninja_forms_field_43\" type=\"text\" placeholder=\"\" class=\"ninja-forms-field  \" value=\"\" rel=\"43\"   \/>\n\t\t<div id=\"ninja_forms_field_43_error\" style=\"display:none;\" class=\"ninja-forms-field-error\">\n\t\t<\/div>\n\t\t\t\t\t\t\t<\/div>\n\t\t\t\t\t\t\t\t\t\t\t\t<div class=\"field-wrap text-wrap label-above\"  id=\"ninja_forms_field_45_div_wrap\" data-visible=\"1\">\n\t\t\t\t\t\t\t<input type=\"hidden\" id=\"ninja_forms_field_45_type\" value=\"text\">\n\t\t<label for=\"ninja_forms_field_45\" id=\"ninja_forms_field_45_label\" class=\"\">MMA: \t\t\t\t<\/label>\n\t\t\t<input id=\"ninja_forms_field_45\" data-mask=\"\" data-input-limit=\"\" data-input-limit-type=\"char\" data-input-limit-msg=\"tipos restantes\" name=\"ninja_forms_field_45\" type=\"text\" placeholder=\"\" class=\"ninja-forms-field  \" value=\"\" rel=\"45\"   \/>\n\t\t<div id=\"ninja_forms_field_45_error\" style=\"display:none;\" class=\"ninja-forms-field-error\">\n\t\t<\/div>\n\t\t\t\t\t\t\t<\/div>\n\t\t\t\t\t\t\t\t\t\t\t\t<div class=\"field-wrap number-wrap label-above\"  id=\"ninja_forms_field_44_div_wrap\" data-visible=\"1\">\n\t\t\t\t\t\t\t<input type=\"hidden\" id=\"ninja_forms_field_44_type\" value=\"number\">\n\t\t<label for=\"ninja_forms_field_44\" id=\"ninja_forms_field_44_label\" class=\"\">Kilos: \t\t\t\t<\/label>\n\t\t\t\t<input type=\"number\" min=\"\" max=\"\" step=\"\" name=\"ninja_forms_field_44\" id=\"ninja_forms_field_44\" class=\"ninja-forms-field \" rel=\"44\" value=\"\"\/>\n\t<div id=\"ninja_forms_field_44_error\" style=\"display:none;\" class=\"ninja-forms-field-error\">\n\t\t<\/div>\n\t\t\t\t\t\t\t<\/div>\n\t\t\t\t\t\t\t<hr class=\"ninja-forms-field \" style=\"\" id=\"ninja_forms_field_46_div_wrap\" rel=\"46\" \/>\n\t\t<div class=\"ninja-forms-field  nf-desc\" id=\"ninja_forms_field_47_div_wrap\" style=\"\" rel=\"47\"><p><span style=\"color: #c02d49;\"><strong>ORIGEN DEL CAMI\u00d3N<\/strong><\/span><\/p>\n<p>\u00a0<\/p>\n<\/div>\n\t\t\t\t\t\t\t<div class=\"field-wrap text-wrap label-above\"  id=\"ninja_forms_field_48_div_wrap\" data-visible=\"1\">\n\t\t\t\t\t\t\t<input type=\"hidden\" id=\"ninja_forms_field_48_type\" value=\"text\">\n\t\t<label for=\"ninja_forms_field_48\" id=\"ninja_forms_field_48_label\" class=\"\">DIRECCI\u00d3N \t\t\t\t<\/label>\n\t\t\t<input id=\"ninja_forms_field_48\" data-mask=\"\" data-input-limit=\"\" data-input-limit-type=\"char\" data-input-limit-msg=\"\" name=\"ninja_forms_field_48\" type=\"text\" placeholder=\"\" class=\"ninja-forms-field  address address1 \" value=\"\" rel=\"48\"   \/>\n\t\t<div id=\"ninja_forms_field_48_error\" style=\"display:none;\" class=\"ninja-forms-field-error\">\n\t\t<\/div>\n\t\t\t\t\t\t\t<\/div>\n\t\t\t\t\t\t\t\t\t\t\t\t<div class=\"field-wrap text-wrap label-above\"  id=\"ninja_forms_field_49_div_wrap\" data-visible=\"1\">\n\t\t\t\t\t\t\t<input type=\"hidden\" id=\"ninja_forms_field_49_type\" value=\"text\">\n\t\t<label for=\"ninja_forms_field_49\" id=\"ninja_forms_field_49_label\" class=\"\">C\u00d3DIGO POSTAL \t\t\t\t<\/label>\n\t\t\t<input id=\"ninja_forms_field_49\" data-mask=\"\" data-input-limit=\"\" data-input-limit-type=\"char\" data-input-limit-msg=\"\" name=\"ninja_forms_field_49\" type=\"text\" placeholder=\"\" class=\"ninja-forms-field  address zip \" value=\"\" rel=\"49\"   \/>\n\t\t<div id=\"ninja_forms_field_49_error\" style=\"display:none;\" class=\"ninja-forms-field-error\">\n\t\t<\/div>\n\t\t\t\t\t\t\t<\/div>\n\t\t\t\t\t\t\t\t\t\t\t\t<div class=\"field-wrap text-wrap label-above\"  id=\"ninja_forms_field_52_div_wrap\" data-visible=\"1\">\n\t\t\t\t\t\t\t<input type=\"hidden\" id=\"ninja_forms_field_52_type\" value=\"text\">\n\t\t<label for=\"ninja_forms_field_52\" id=\"ninja_forms_field_52_label\" class=\"\">PA\u00cdS \t\t\t\t<\/label>\n\t\t\t<input id=\"ninja_forms_field_52\" data-mask=\"\" data-input-limit=\"\" data-input-limit-type=\"char\" data-input-limit-msg=\"\" name=\"ninja_forms_field_52\" type=\"text\" placeholder=\"\" class=\"ninja-forms-field  address city \" value=\"\" rel=\"52\"   \/>\n\t\t<div id=\"ninja_forms_field_52_error\" style=\"display:none;\" class=\"ninja-forms-field-error\">\n\t\t<\/div>\n\t\t\t\t\t\t\t<\/div>\n\t\t\t\t\t\t\t\t\t\t\t\t<div class=\"field-wrap text-wrap label-above\"  id=\"ninja_forms_field_50_div_wrap\" data-visible=\"1\">\n\t\t\t\t\t\t\t<input type=\"hidden\" id=\"ninja_forms_field_50_type\" value=\"text\">\n\t\t<label for=\"ninja_forms_field_50\" id=\"ninja_forms_field_50_label\" class=\"\">POBLACI\u00d3N \t\t\t\t<\/label>\n\t\t\t<input id=\"ninja_forms_field_50\" data-mask=\"\" data-input-limit=\"\" data-input-limit-type=\"char\" data-input-limit-msg=\"\" name=\"ninja_forms_field_50\" type=\"text\" placeholder=\"\" class=\"ninja-forms-field  address city \" value=\"\" rel=\"50\"   \/>\n\t\t<div id=\"ninja_forms_field_50_error\" style=\"display:none;\" class=\"ninja-forms-field-error\">\n\t\t<\/div>\n\t\t\t\t\t\t\t<\/div>\n\t\t\t\t\t\t\t\t\t\t\t\t<div class=\"field-wrap text-wrap label-above\"  id=\"ninja_forms_field_51_div_wrap\" data-visible=\"1\">\n\t\t\t\t\t\t\t<input type=\"hidden\" id=\"ninja_forms_field_51_type\" value=\"text\">\n\t\t<label for=\"ninja_forms_field_51\" id=\"ninja_forms_field_51_label\" class=\"\">PROVINCIA \t\t\t\t<\/label>\n\t\t\t<input id=\"ninja_forms_field_51\" data-mask=\"\" data-input-limit=\"\" data-input-limit-type=\"char\" data-input-limit-msg=\"\" name=\"ninja_forms_field_51\" type=\"text\" placeholder=\"\" class=\"ninja-forms-field  address city \" value=\"\" rel=\"51\"   \/>\n\t\t<div id=\"ninja_forms_field_51_error\" style=\"display:none;\" class=\"ninja-forms-field-error\">\n\t\t<\/div>\n\t\t\t\t\t\t\t<\/div>\n\t\t\t\t\t\t\t<hr class=\"ninja-forms-field \" style=\"\" id=\"ninja_forms_field_53_div_wrap\" rel=\"53\" \/>\n\t\t<div class=\"ninja-forms-field  nf-desc\" id=\"ninja_forms_field_54_div_wrap\" style=\"\" rel=\"54\"><p><span style=\"color: #c02d49;\"><strong>DESTINO\u00a0AL QUE DESEA DIRIGIRSE*<\/strong><\/span><\/p>\n<p>\u00a0<\/p>\n<\/div>\n\t\t\t\t\t\t\t<div class=\"field-wrap text-wrap label-above\"  id=\"ninja_forms_field_55_div_wrap\" data-visible=\"1\">\n\t\t\t\t\t\t\t<input type=\"hidden\" id=\"ninja_forms_field_55_type\" value=\"text\">\n\t\t<label for=\"ninja_forms_field_55\" id=\"ninja_forms_field_55_label\" class=\"\">DIRECCI\u00d3N \t\t\t\t<\/label>\n\t\t\t<input id=\"ninja_forms_field_55\" data-mask=\"\" data-input-limit=\"\" data-input-limit-type=\"char\" data-input-limit-msg=\"\" name=\"ninja_forms_field_55\" type=\"text\" placeholder=\"\" class=\"ninja-forms-field  address address1 \" value=\"\" rel=\"55\"   \/>\n\t\t<div id=\"ninja_forms_field_55_error\" style=\"display:none;\" class=\"ninja-forms-field-error\">\n\t\t<\/div>\n\t\t\t\t\t\t\t<\/div>\n\t\t\t\t\t\t\t\t\t\t\t\t<div class=\"field-wrap text-wrap label-above\"  id=\"ninja_forms_field_56_div_wrap\" data-visible=\"1\">\n\t\t\t\t\t\t\t<input type=\"hidden\" id=\"ninja_forms_field_56_type\" value=\"text\">\n\t\t<label for=\"ninja_forms_field_56\" id=\"ninja_forms_field_56_label\" class=\"\">C\u00d3DIGO POSTAL \t\t\t\t<\/label>\n\t\t\t<input id=\"ninja_forms_field_56\" data-mask=\"\" data-input-limit=\"\" data-input-limit-type=\"char\" data-input-limit-msg=\"\" name=\"ninja_forms_field_56\" type=\"text\" placeholder=\"\" class=\"ninja-forms-field  address zip \" value=\"\" rel=\"56\"   \/>\n\t\t<div id=\"ninja_forms_field_56_error\" style=\"display:none;\" class=\"ninja-forms-field-error\">\n\t\t<\/div>\n\t\t\t\t\t\t\t<\/div>\n\t\t\t\t\t\t\t\t\t\t\t\t<div class=\"field-wrap text-wrap label-above\"  id=\"ninja_forms_field_57_div_wrap\" data-visible=\"1\">\n\t\t\t\t\t\t\t<input type=\"hidden\" id=\"ninja_forms_field_57_type\" value=\"text\">\n\t\t<label for=\"ninja_forms_field_57\" id=\"ninja_forms_field_57_label\" class=\"\">PA\u00cdS \t\t\t\t<\/label>\n\t\t\t<input id=\"ninja_forms_field_57\" data-mask=\"\" data-input-limit=\"\" data-input-limit-type=\"char\" data-input-limit-msg=\"\" name=\"ninja_forms_field_57\" type=\"text\" placeholder=\"\" class=\"ninja-forms-field  address city \" value=\"\" rel=\"57\"   \/>\n\t\t<div id=\"ninja_forms_field_57_error\" style=\"display:none;\" class=\"ninja-forms-field-error\">\n\t\t<\/div>\n\t\t\t\t\t\t\t<\/div>\n\t\t\t\t\t\t\t\t\t\t\t\t<div class=\"field-wrap text-wrap label-above\"  id=\"ninja_forms_field_58_div_wrap\" data-visible=\"1\">\n\t\t\t\t\t\t\t<input type=\"hidden\" id=\"ninja_forms_field_58_type\" value=\"text\">\n\t\t<label for=\"ninja_forms_field_58\" id=\"ninja_forms_field_58_label\" class=\"\">POBLACI\u00d3N \t\t\t\t<\/label>\n\t\t\t<input id=\"ninja_forms_field_58\" data-mask=\"\" data-input-limit=\"\" data-input-limit-type=\"char\" data-input-limit-msg=\"\" name=\"ninja_forms_field_58\" type=\"text\" placeholder=\"\" class=\"ninja-forms-field  address city \" value=\"\" rel=\"58\"   \/>\n\t\t<div id=\"ninja_forms_field_58_error\" style=\"display:none;\" class=\"ninja-forms-field-error\">\n\t\t<\/div>\n\t\t\t\t\t\t\t<\/div>\n\t\t\t\t\t\t\t\t\t\t\t\t<div class=\"field-wrap text-wrap label-above\"  id=\"ninja_forms_field_59_div_wrap\" data-visible=\"1\">\n\t\t\t\t\t\t\t<input type=\"hidden\" id=\"ninja_forms_field_59_type\" value=\"text\">\n\t\t<label for=\"ninja_forms_field_59\" id=\"ninja_forms_field_59_label\" class=\"\">PROVINCIA \t\t\t\t<\/label>\n\t\t\t<input id=\"ninja_forms_field_59\" data-mask=\"\" data-input-limit=\"\" data-input-limit-type=\"char\" data-input-limit-msg=\"\" name=\"ninja_forms_field_59\" type=\"text\" placeholder=\"\" class=\"ninja-forms-field  address city \" value=\"\" rel=\"59\"   \/>\n\t\t<div id=\"ninja_forms_field_59_error\" style=\"display:none;\" class=\"ninja-forms-field-error\">\n\t\t<\/div>\n\t\t\t\t\t\t\t<\/div>\n\t\t\t\t\t\t\t<hr class=\"ninja-forms-field \" style=\"\" id=\"ninja_forms_field_60_div_wrap\" rel=\"60\" \/>\n\t\t\t\t\t\t\t<div class=\"field-wrap submit-wrap label-above\"  id=\"ninja_forms_field_61_div_wrap\" data-visible=\"1\">\n\t\t\t\t\t\t\t<input type=\"hidden\" id=\"ninja_forms_field_61_type\" value=\"submit\">\n\t<div id=\"nf_submit_5\">\n\t\t<input type=\"submit\" name=\"_ninja_forms_field_61\" class=\"ninja-forms-field \" id=\"ninja_forms_field_61\" value=\"ENVIAR\" rel=\"61\" >\n\t<\/div>\n\t<div id=\"nf_processing_5\" style=\"display:none;\">\n\t\t<input type=\"submit\" name=\"_ninja_forms_field_61\" class=\"ninja-forms-field \" id=\"ninja_forms_field_61\" value=\"Processing\" rel=\"61\" disabled>\n\t<\/div>\n\t\t<div id=\"ninja_forms_field_61_error\" style=\"display:none;\" class=\"ninja-forms-field-error\">\n\t\t<\/div>\n\t\t\t\t\t\t\t<\/div>\n\t\t\t\t\t\t\t<\/div>\n\t\t<\/form>\n\t\t<\/div>\n\t\t<\/div>\n\t\n<p>[\/vc_column_text][\/vc_column][vc_column width=&#8221;1\/4&#8243;][vc_column_text]<br \/>\n[\/vc_column_text][\/vc_column][\/vc_row][vc_row full_width=&#8221;&#8221; parallax=&#8221;&#8221; parallax_image=&#8221;&#8221; el_id=&#8221;&#8221;][vc_column width=&#8221;1\/6&#8243;][vc_column_text css_animation=&#8221;&#8221;]<br \/>\n[\/vc_column_text][\/vc_column][vc_column width=&#8221;2\/3&#8243;][vc_column_text]<\/p>\n<p style=\"text-align: justify; font-size: 12px;\"><strong>NOTA\u00a0 LEGAL<\/strong><\/p>\n<p style=\"text-align: justify; font-size: 10px;\">Conforme a lo dispuesto en la L.O. 15\/1.999 de Protecci\u00f3n de Datos de Car\u00e1cter Personal, los datos recogidos en el presente documento van a ser incorporados a un fichero de tratamiento automatizado, titularidad de Andr\u00e9s Castellar Lopez para la finalidad de comunicarse con las personas solicitantes, la resoluci\u00f3n de consultas on-line y recibir comunicaciones comerciales, pudiendo ejercitar Ud. los derechos de acceso, rectificaci\u00f3n, cancelaci\u00f3n u oposici\u00f3n mediante solicitud por escrito en la Avda. del Mediterr\u00e1neo, 47 12200 Onda (Castell\u00f3n), acompa\u00f1ando una copia del D.N.I. o bien mediante correo electr\u00f3nico firmado digitalmente, al objeto de acreditar su identidad, dirigido a info@transportescastellar.com. La empresa ha adoptado las medidas de seguridad previstas en la normativa vigente, encontr\u00e1ndose sus ficheros inscritos en la Agencia Espa\u00f1ola de Protecci\u00f3n de Datos, garantizando el secreto y la confidencialidad de los mismos.<\/p>\n<p>[\/vc_column_text][\/vc_column][vc_column width=&#8221;1\/6&#8243;][vc_column_text css_animation=&#8221;&#8221;]<br \/>\n[\/vc_column_text][\/vc_column][\/vc_row]<\/p>\n","protected":false},"excerpt":{"rendered":"<p>[vc_row full_width=&#8221;&#8221; parallax=&#8221;&#8221; parallax_image=&#8221;&#8221;][vc_column width=&#8221;1\/4&#8243;][vc_column_text] [\/vc_column_text][\/vc_column][vc_column width=&#8221;1\/2&#8243;][vc_column_text] Si dispone de un cami\u00f3n y busca carga, podemos ayudarle, trabaje con nosotros. [\/vc_column_text][\/vc_column][vc_column width=&#8221;1\/4&#8243;][vc_column_text] [\/vc_column_text][\/vc_column][\/vc_row][vc_row full_width=&#8221;&#8221; parallax=&#8221;&#8221; parallax_image=&#8221;&#8221; el_id=&#8221;&#8221;][vc_column width=&#8221;1\/4&#8243;][vc_column_text] [\/vc_column_text][\/vc_column][vc_column width=&#8221;1\/2&#8243;][vc_column_text] [\/vc_column_text][\/vc_column][vc_column width=&#8221;1\/4&#8243;][vc_column_text] [\/vc_column_text][\/vc_column][\/vc_row][vc_row full_width=&#8221;&#8221; parallax=&#8221;&#8221; parallax_image=&#8221;&#8221; el_id=&#8221;&#8221;][vc_column width=&#8221;1\/6&#8243;][vc_column_text css_animation=&#8221;&#8221;] [\/vc_column_text][\/vc_column][vc_column width=&#8221;2\/3&#8243;][vc_column_text] NOTA\u00a0 LEGAL Conforme a lo dispuesto en la L.O. 15\/1.999 de Protecci\u00f3n de Datos de Car\u00e1cter Personal, los datos recogidos en el presente documento van a ser incorporados a un fichero de tratamiento automatizado, titularidad de Andr\u00e9s Castellar Lopez para la finalidad de comunicarse con las personas solicitantes, la resoluci\u00f3n de consultas on-line y recibir comunicaciones comerciales, pudiendo ejercitar Ud. los derechos de acceso, rectificaci\u00f3n, cancelaci\u00f3n u oposici\u00f3n mediante solicitud por escrito en la Avda. del Mediterr\u00e1neo, 47 12200 Onda (Castell\u00f3n), acompa\u00f1ando una copia del D.N.I. o bien mediante correo electr\u00f3nico firmado digitalmente, al objeto de acreditar su identidad, dirigido a info@transportescastellar.com. La empresa ha adoptado las medidas de seguridad previstas en la normativa vigente, encontr\u00e1ndose sus ficheros inscritos en la Agencia Espa\u00f1ola de Protecci\u00f3n de Datos, garantizando el secreto y la confidencialidad de los mismos. [\/vc_column_text][\/vc_column][vc_column width=&#8221;1\/6&#8243;][vc_column_text css_animation=&#8221;&#8221;] [\/vc_column_text][\/vc_column][\/vc_row]<\/p>\n","protected":false},"author":1,"featured_media":0,"parent":0,"menu_order":0,"comment_status":"closed","ping_status":"closed","template":"","meta":[],"translation":{"provider":"WPGlobus","version":"2.5.17","language":"en","enabled_languages":["es","en"],"languages":{"es":{"title":true,"content":true,"excerpt":false},"en":{"title":false,"content":false,"excerpt":false}}},"_links":{"self":[{"href":"https:\/\/www.transportescastellar.com\/en\/wp-json\/wp\/v2\/pages\/17"}],"collection":[{"href":"https:\/\/www.transportescastellar.com\/en\/wp-json\/wp\/v2\/pages"}],"about":[{"href":"https:\/\/www.transportescastellar.com\/en\/wp-json\/wp\/v2\/types\/page"}],"author":[{"embeddable":true,"href":"https:\/\/www.transportescastellar.com\/en\/wp-json\/wp\/v2\/users\/1"}],"replies":[{"embeddable":true,"href":"https:\/\/www.transportescastellar.com\/en\/wp-json\/wp\/v2\/comments?post=17"}],"version-history":[{"count":3,"href":"https:\/\/www.transportescastellar.com\/en\/wp-json\/wp\/v2\/pages\/17\/revisions"}],"predecessor-version":[{"id":98,"href":"https:\/\/www.transportescastellar.com\/en\/wp-json\/wp\/v2\/pages\/17\/revisions\/98"}],"wp:attachment":[{"href":"https:\/\/www.transportescastellar.com\/en\/wp-json\/wp\/v2\/media?parent=17"}],"curies":[{"name":"wp","href":"https:\/\/api.w.org\/{rel}","templated":true}]}}