{"id":15,"date":"2016-03-17T12:54:33","date_gmt":"2016-03-17T12:54:33","guid":{"rendered":"http:\/\/www.transportescastellar.com\/?page_id=15"},"modified":"2016-03-18T12:21:59","modified_gmt":"2016-03-18T12:21:59","slug":"bolsa-de-cargadores","status":"publish","type":"page","link":"https:\/\/www.transportescastellar.com\/en\/bolsa-de-cargadores\/","title":{"rendered":"Bolsa de Cargadores"},"content":{"rendered":"<p>[vc_row full_width=&#8221;&#8221; parallax=&#8221;&#8221; parallax_image=&#8221;&#8221;][vc_column width=&#8221;1\/4&#8243;][vc_column_text]<br \/>\n[\/vc_column_text][\/vc_column][vc_column width=&#8221;1\/2&#8243;][vc_column_text]<\/p>\n<p>Si dispone de una carga y necesita transportarla, solicite presupuesto sin compromiso y nos pondremos en contacto con usted a la mayor brevedad posible.<\/p>\n<p>[\/vc_column_text][\/vc_column][vc_column width=&#8221;1\/4&#8243;][vc_column_text]<br \/>\n[\/vc_column_text][\/vc_column][\/vc_row][vc_row full_width=&#8221;&#8221; parallax=&#8221;&#8221; parallax_image=&#8221;&#8221; el_id=&#8221;&#8221;][vc_column width=&#8221;1\/4&#8243;][vc_column_text]<br \/>\n[\/vc_column_text][\/vc_column][vc_column width=&#8221;1\/2&#8243;][vc_column_text]<\/p>\n\t<div id=\"ninja_forms_form_1_cont\" class=\"ninja-forms-cont\">\n\t\t<div id=\"ninja_forms_form_1_wrap\" class=\"ninja-forms-form-wrap\">\n\t<div id=\"ninja_forms_form_1_response_msg\" style=\"\" class=\"ninja-forms-response-msg \"><\/div>\t<form id=\"ninja_forms_form_1\" enctype=\"multipart\/form-data\" method=\"post\" name=\"\" action=\"\" class=\"ninja-forms-form\">\n\n\t<input type=\"hidden\" id=\"_wpnonce\" name=\"_wpnonce\" value=\"3bd9f8007d\" \/><input type=\"hidden\" name=\"_wp_http_referer\" value=\"\/en\/wp-json\/wp\/v2\/pages\/15\" \/>\t<input type=\"hidden\" name=\"_ninja_forms_display_submit\" value=\"1\">\n\t<input type=\"hidden\" name=\"_form_id\"  id=\"_form_id\" value=\"1\">\n\t\t<div class=\"hp-wrap\">\n\t\t<label>Si eres un ser humano y est\u00e1s viendo este campo, por favor, d\u00e9jalo en blanco.\t\t\t<input type=\"text\" value=\"\" name=\"_eIYGE\">\n\t\t\t<input type=\"hidden\" value=\"_eIYGE\" name=\"_hp_name\">\n\t\t<\/label>\n\t<\/div>\n\t\t<div id=\"ninja_forms_form_1_all_fields_wrap\" class=\"ninja-forms-all-fields-wrap\">\n\t\t\t<div class=\"ninja-forms-required-items\">Campos marcadas con <span class=\"ninja-forms-req-symbol\">*<\/span> son obligatorios:<\/div>\n\t\t\t\t\t\t\t\t<div class=\"field-wrap text-wrap label-above\"  id=\"ninja_forms_field_1_div_wrap\" data-visible=\"1\">\n\t\t\t\t\t\t\t<input type=\"hidden\" id=\"ninja_forms_field_1_type\" value=\"text\">\n\t\t<label for=\"ninja_forms_field_1\" id=\"ninja_forms_field_1_label\" class=\"\">EMPRESA: <span class='ninja-forms-req-symbol'><strong>*<\/strong><\/span>\t\t\t\t<\/label>\n\t\t\t<input id=\"ninja_forms_field_1\" data-mask=\"\" data-input-limit=\"\" data-input-limit-type=\"char\" data-input-limit-msg=\"\" name=\"ninja_forms_field_1\" type=\"text\" placeholder=\"\" class=\"ninja-forms-field  ninja-forms-req \" value=\"\" rel=\"1\"   \/>\n\t\t<div id=\"ninja_forms_field_1_error\" style=\"display:none;\" class=\"ninja-forms-field-error\">\n\t\t<\/div>\n\t\t\t\t\t\t\t<\/div>\n\t\t\t\t\t\t\t\t\t\t\t\t<div class=\"field-wrap text-wrap label-above\"  id=\"ninja_forms_field_6_div_wrap\" data-visible=\"1\">\n\t\t\t\t\t\t\t<input type=\"hidden\" id=\"ninja_forms_field_6_type\" value=\"text\">\n\t\t<label for=\"ninja_forms_field_6\" id=\"ninja_forms_field_6_label\" class=\"\">CONTACTO: <span class='ninja-forms-req-symbol'><strong>*<\/strong><\/span>\t\t\t\t<\/label>\n\t\t\t<input id=\"ninja_forms_field_6\" data-mask=\"\" data-input-limit=\"\" data-input-limit-type=\"char\" data-input-limit-msg=\"\" name=\"ninja_forms_field_6\" type=\"text\" placeholder=\"\" class=\"ninja-forms-field  ninja-forms-req \" value=\"\" rel=\"6\"   \/>\n\t\t<div id=\"ninja_forms_field_6_error\" style=\"display:none;\" class=\"ninja-forms-field-error\">\n\t\t<\/div>\n\t\t\t\t\t\t\t<\/div>\n\t\t\t\t\t\t\t\t\t\t\t\t<div class=\"field-wrap text-wrap label-above\"  id=\"ninja_forms_field_7_div_wrap\" data-visible=\"1\">\n\t\t\t\t\t\t\t<input type=\"hidden\" id=\"ninja_forms_field_7_type\" value=\"text\">\n\t\t<label for=\"ninja_forms_field_7\" id=\"ninja_forms_field_7_label\" class=\"\">DIRECCI\u00d3N: <span class='ninja-forms-req-symbol'><strong>*<\/strong><\/span>\t\t\t\t<\/label>\n\t\t\t<input id=\"ninja_forms_field_7\" data-mask=\"\" data-input-limit=\"\" data-input-limit-type=\"char\" data-input-limit-msg=\"\" name=\"ninja_forms_field_7\" type=\"text\" placeholder=\"\" class=\"ninja-forms-field  ninja-forms-req address address1 \" value=\"\" rel=\"7\"   \/>\n\t\t<div id=\"ninja_forms_field_7_error\" style=\"display:none;\" class=\"ninja-forms-field-error\">\n\t\t<\/div>\n\t\t\t\t\t\t\t<\/div>\n\t\t\t\t\t\t\t\t\t\t\t\t<div class=\"field-wrap text-wrap label-above\"  id=\"ninja_forms_field_8_div_wrap\" data-visible=\"1\">\n\t\t\t\t\t\t\t<input type=\"hidden\" id=\"ninja_forms_field_8_type\" value=\"text\">\n\t\t<label for=\"ninja_forms_field_8\" id=\"ninja_forms_field_8_label\" class=\"\">C\u00d3DIGO POSTAL: <span class='ninja-forms-req-symbol'><strong>*<\/strong><\/span>\t\t\t\t<\/label>\n\t\t\t<input id=\"ninja_forms_field_8\" data-mask=\"\" data-input-limit=\"\" data-input-limit-type=\"char\" data-input-limit-msg=\"\" name=\"ninja_forms_field_8\" type=\"text\" placeholder=\"\" class=\"ninja-forms-field  ninja-forms-req address zip \" value=\"\" rel=\"8\"   \/>\n\t\t<div id=\"ninja_forms_field_8_error\" style=\"display:none;\" class=\"ninja-forms-field-error\">\n\t\t<\/div>\n\t\t\t\t\t\t\t<\/div>\n\t\t\t\t\t\t\t\t\t\t\t\t<div class=\"field-wrap text-wrap label-above\"  id=\"ninja_forms_field_9_div_wrap\" data-visible=\"1\">\n\t\t\t\t\t\t\t<input type=\"hidden\" id=\"ninja_forms_field_9_type\" value=\"text\">\n\t\t<label for=\"ninja_forms_field_9\" id=\"ninja_forms_field_9_label\" class=\"\">POBLACI\u00d3N: <span class='ninja-forms-req-symbol'><strong>*<\/strong><\/span>\t\t\t\t<\/label>\n\t\t\t<input id=\"ninja_forms_field_9\" data-mask=\"\" data-input-limit=\"\" data-input-limit-type=\"char\" data-input-limit-msg=\"\" name=\"ninja_forms_field_9\" type=\"text\" placeholder=\"\" class=\"ninja-forms-field  ninja-forms-req address city \" value=\"\" rel=\"9\"   \/>\n\t\t<div id=\"ninja_forms_field_9_error\" style=\"display:none;\" class=\"ninja-forms-field-error\">\n\t\t<\/div>\n\t\t\t\t\t\t\t<\/div>\n\t\t\t\t\t\t\t\t\t\t\t\t<div class=\"field-wrap text-wrap label-above\"  id=\"ninja_forms_field_11_div_wrap\" data-visible=\"1\">\n\t\t\t\t\t\t\t<input type=\"hidden\" id=\"ninja_forms_field_11_type\" value=\"text\">\n\t\t<label for=\"ninja_forms_field_11\" id=\"ninja_forms_field_11_label\" class=\"\">PROVINCIA: <span class='ninja-forms-req-symbol'><strong>*<\/strong><\/span>\t\t\t\t<\/label>\n\t\t\t<input id=\"ninja_forms_field_11\" data-mask=\"\" data-input-limit=\"\" data-input-limit-type=\"char\" data-input-limit-msg=\"\" name=\"ninja_forms_field_11\" type=\"text\" placeholder=\"\" class=\"ninja-forms-field  ninja-forms-req address city \" value=\"\" rel=\"11\"   \/>\n\t\t<div id=\"ninja_forms_field_11_error\" style=\"display:none;\" class=\"ninja-forms-field-error\">\n\t\t<\/div>\n\t\t\t\t\t\t\t<\/div>\n\t\t\t\t\t\t\t\t\t\t\t\t<div class=\"field-wrap text-wrap label-above\"  id=\"ninja_forms_field_18_div_wrap\" data-visible=\"1\">\n\t\t\t\t\t\t\t<input type=\"hidden\" id=\"ninja_forms_field_18_type\" value=\"text\">\n\t\t<label for=\"ninja_forms_field_18\" id=\"ninja_forms_field_18_label\" class=\"\">PAIS <span class='ninja-forms-req-symbol'><strong>*<\/strong><\/span>\t\t\t\t<\/label>\n\t\t\t<input id=\"ninja_forms_field_18\" data-mask=\"\" data-input-limit=\"\" data-input-limit-type=\"char\" data-input-limit-msg=\"\" name=\"ninja_forms_field_18\" type=\"text\" placeholder=\"\" class=\"ninja-forms-field  ninja-forms-req address city \" value=\"\" rel=\"18\"   \/>\n\t\t<div id=\"ninja_forms_field_18_error\" style=\"display:none;\" class=\"ninja-forms-field-error\">\n\t\t<\/div>\n\t\t\t\t\t\t\t<\/div>\n\t\t\t\t\t\t\t\t\t\t\t\t<div class=\"field-wrap text-wrap label-above\"  id=\"ninja_forms_field_12_div_wrap\" data-visible=\"1\">\n\t\t\t\t\t\t\t<input type=\"hidden\" id=\"ninja_forms_field_12_type\" value=\"text\">\n\t\t<label for=\"ninja_forms_field_12\" id=\"ninja_forms_field_12_label\" class=\"\">TEL\u00c9FONO: <span class='ninja-forms-req-symbol'><strong>*<\/strong><\/span>\t\t\t\t<\/label>\n\t\t\t<input id=\"ninja_forms_field_12\" data-mask=\"\" data-input-limit=\"\" data-input-limit-type=\"char\" data-input-limit-msg=\"\" name=\"ninja_forms_field_12\" type=\"text\" placeholder=\"\" class=\"ninja-forms-field  ninja-forms-req \" value=\"\" rel=\"12\"   \/>\n\t\t<div id=\"ninja_forms_field_12_error\" style=\"display:none;\" class=\"ninja-forms-field-error\">\n\t\t<\/div>\n\t\t\t\t\t\t\t<\/div>\n\t\t\t\t\t\t\t\t\t\t\t\t<div class=\"field-wrap text-wrap label-above\"  id=\"ninja_forms_field_63_div_wrap\" data-visible=\"1\">\n\t\t\t\t\t\t\t<input type=\"hidden\" id=\"ninja_forms_field_63_type\" value=\"text\">\n\t\t<label for=\"ninja_forms_field_63\" id=\"ninja_forms_field_63_label\" class=\"\">FAX: \t\t\t\t<\/label>\n\t\t\t<input id=\"ninja_forms_field_63\" data-mask=\"(999) 999-9999\" data-input-limit=\"\" data-input-limit-type=\"char\" data-input-limit-msg=\"\" name=\"ninja_forms_field_63\" type=\"text\" placeholder=\"\" class=\"ninja-forms-field  ninja-forms-mask\" value=\"\" rel=\"63\"   \/>\n\t\t<div id=\"ninja_forms_field_63_error\" style=\"display:none;\" class=\"ninja-forms-field-error\">\n\t\t<\/div>\n\t\t\t\t\t\t\t<\/div>\n\t\t\t\t\t\t\t\t\t\t\t\t<div class=\"field-wrap text-wrap label-above\"  id=\"ninja_forms_field_2_div_wrap\" data-visible=\"1\">\n\t\t\t\t\t\t\t<input type=\"hidden\" id=\"ninja_forms_field_2_type\" value=\"text\">\n\t\t<label for=\"ninja_forms_field_2\" id=\"ninja_forms_field_2_label\" class=\"\">EMAIL: <span class='ninja-forms-req-symbol'><strong>*<\/strong><\/span>\t\t\t\t<\/label>\n\t\t\t<input id=\"ninja_forms_field_2\" data-mask=\"\" data-input-limit=\"\" data-input-limit-type=\"char\" data-input-limit-msg=\"\" name=\"ninja_forms_field_2\" type=\"text\" placeholder=\"\" class=\"ninja-forms-field  ninja-forms-req email \" value=\"\" rel=\"2\"   \/>\n\t\t<div id=\"ninja_forms_field_2_error\" style=\"display:none;\" class=\"ninja-forms-field-error\">\n\t\t<\/div>\n\t\t\t\t\t\t\t<\/div>\n\t\t\t\t\t\t\t\t\t\t\t\t<div class=\"field-wrap text-wrap label-above\"  id=\"ninja_forms_field_15_div_wrap\" data-visible=\"1\">\n\t\t\t\t\t\t\t<input type=\"hidden\" id=\"ninja_forms_field_15_type\" value=\"text\">\n\t\t<label for=\"ninja_forms_field_15\" id=\"ninja_forms_field_15_label\" class=\"\">TIPO DE MERCANC\u00cdA: \t\t\t\t<\/label>\n\t\t\t<input id=\"ninja_forms_field_15\" data-mask=\"\" data-input-limit=\"\" data-input-limit-type=\"char\" data-input-limit-msg=\"tipos restantes\" name=\"ninja_forms_field_15\" type=\"text\" placeholder=\"\" class=\"ninja-forms-field  \" value=\"\" rel=\"15\"   \/>\n\t\t<div id=\"ninja_forms_field_15_error\" style=\"display:none;\" class=\"ninja-forms-field-error\">\n\t\t<\/div>\n\t\t\t\t\t\t\t<\/div>\n\t\t\t\t\t\t\t\t\t\t\t\t<div class=\"field-wrap number-wrap label-above\"  id=\"ninja_forms_field_16_div_wrap\" data-visible=\"1\">\n\t\t\t\t\t\t\t<input type=\"hidden\" id=\"ninja_forms_field_16_type\" value=\"number\">\n\t\t<label for=\"ninja_forms_field_16\" id=\"ninja_forms_field_16_label\" class=\"\">N\u00daMERO DE BULTOS: \t\t\t\t<\/label>\n\t\t\t\t<input type=\"number\" min=\"\" max=\"\" step=\"\" name=\"ninja_forms_field_16\" id=\"ninja_forms_field_16\" class=\"ninja-forms-field \" rel=\"16\" value=\"\"\/>\n\t<div id=\"ninja_forms_field_16_error\" style=\"display:none;\" class=\"ninja-forms-field-error\">\n\t\t<\/div>\n\t\t\t\t\t\t\t<\/div>\n\t\t\t\t\t\t\t\t\t\t\t\t<div class=\"field-wrap text-wrap label-above\"  id=\"ninja_forms_field_17_div_wrap\" data-visible=\"1\">\n\t\t\t\t\t\t\t<input type=\"hidden\" id=\"ninja_forms_field_17_type\" value=\"text\">\n\t\t<label for=\"ninja_forms_field_17\" id=\"ninja_forms_field_17_label\" class=\"\">KILOS: \t\t\t\t<\/label>\n\t\t\t<input id=\"ninja_forms_field_17\" data-mask=\"\" data-input-limit=\"\" data-input-limit-type=\"char\" data-input-limit-msg=\"tipos restantes\" name=\"ninja_forms_field_17\" type=\"text\" placeholder=\"\" class=\"ninja-forms-field  \" value=\"\" rel=\"17\"   \/>\n\t\t<div id=\"ninja_forms_field_17_error\" style=\"display:none;\" class=\"ninja-forms-field-error\">\n\t\t<\/div>\n\t\t\t\t\t\t\t<\/div>\n\t\t\t\t\t\t\t<hr class=\"ninja-forms-field \" style=\"\" id=\"ninja_forms_field_13_div_wrap\" rel=\"13\" \/>\n\t\t<div class=\"ninja-forms-field  nf-desc\" id=\"ninja_forms_field_19_div_wrap\" style=\"\" rel=\"19\"><p><span style=\"color: #c02d49;\"><strong>ORIGEN DE LA CARGA<\/strong><\/span><\/p>\n<p>\u00a0<\/p>\n<\/div>\n\t\t\t\t\t\t\t<div class=\"field-wrap text-wrap label-above\"  id=\"ninja_forms_field_20_div_wrap\" data-visible=\"1\">\n\t\t\t\t\t\t\t<input type=\"hidden\" id=\"ninja_forms_field_20_type\" value=\"text\">\n\t\t<label for=\"ninja_forms_field_20\" id=\"ninja_forms_field_20_label\" class=\"\">DIRECCI\u00d3N \t\t\t\t<\/label>\n\t\t\t<input id=\"ninja_forms_field_20\" data-mask=\"\" data-input-limit=\"\" data-input-limit-type=\"char\" data-input-limit-msg=\"\" name=\"ninja_forms_field_20\" type=\"text\" placeholder=\"\" class=\"ninja-forms-field  address address1 \" value=\"\" rel=\"20\"   \/>\n\t\t<div id=\"ninja_forms_field_20_error\" style=\"display:none;\" class=\"ninja-forms-field-error\">\n\t\t<\/div>\n\t\t\t\t\t\t\t<\/div>\n\t\t\t\t\t\t\t\t\t\t\t\t<div class=\"field-wrap text-wrap label-above\"  id=\"ninja_forms_field_21_div_wrap\" data-visible=\"1\">\n\t\t\t\t\t\t\t<input type=\"hidden\" id=\"ninja_forms_field_21_type\" value=\"text\">\n\t\t<label for=\"ninja_forms_field_21\" id=\"ninja_forms_field_21_label\" class=\"\">C\u00d3DIGO POSTAL \t\t\t\t<\/label>\n\t\t\t<input id=\"ninja_forms_field_21\" data-mask=\"\" data-input-limit=\"\" data-input-limit-type=\"char\" data-input-limit-msg=\"\" name=\"ninja_forms_field_21\" type=\"text\" placeholder=\"\" class=\"ninja-forms-field  address zip \" value=\"\" rel=\"21\"   \/>\n\t\t<div id=\"ninja_forms_field_21_error\" style=\"display:none;\" class=\"ninja-forms-field-error\">\n\t\t<\/div>\n\t\t\t\t\t\t\t<\/div>\n\t\t\t\t\t\t\t\t\t\t\t\t<div class=\"field-wrap text-wrap label-above\"  id=\"ninja_forms_field_22_div_wrap\" data-visible=\"1\">\n\t\t\t\t\t\t\t<input type=\"hidden\" id=\"ninja_forms_field_22_type\" value=\"text\">\n\t\t<label for=\"ninja_forms_field_22\" id=\"ninja_forms_field_22_label\" class=\"\">POBLACI\u00d3N \t\t\t\t<\/label>\n\t\t\t<input id=\"ninja_forms_field_22\" data-mask=\"\" data-input-limit=\"\" data-input-limit-type=\"char\" data-input-limit-msg=\"\" name=\"ninja_forms_field_22\" type=\"text\" placeholder=\"\" class=\"ninja-forms-field  address city \" value=\"\" rel=\"22\"   \/>\n\t\t<div id=\"ninja_forms_field_22_error\" style=\"display:none;\" class=\"ninja-forms-field-error\">\n\t\t<\/div>\n\t\t\t\t\t\t\t<\/div>\n\t\t\t\t\t\t\t\t\t\t\t\t<div class=\"field-wrap text-wrap label-above\"  id=\"ninja_forms_field_23_div_wrap\" data-visible=\"1\">\n\t\t\t\t\t\t\t<input type=\"hidden\" id=\"ninja_forms_field_23_type\" value=\"text\">\n\t\t<label for=\"ninja_forms_field_23\" id=\"ninja_forms_field_23_label\" class=\"\">PROVINCIA \t\t\t\t<\/label>\n\t\t\t<input id=\"ninja_forms_field_23\" data-mask=\"\" data-input-limit=\"\" data-input-limit-type=\"char\" data-input-limit-msg=\"\" name=\"ninja_forms_field_23\" type=\"text\" placeholder=\"\" class=\"ninja-forms-field  address city \" value=\"\" rel=\"23\"   \/>\n\t\t<div id=\"ninja_forms_field_23_error\" style=\"display:none;\" class=\"ninja-forms-field-error\">\n\t\t<\/div>\n\t\t\t\t\t\t\t<\/div>\n\t\t\t\t\t\t\t\t\t\t\t\t<div class=\"field-wrap text-wrap label-above\"  id=\"ninja_forms_field_24_div_wrap\" data-visible=\"1\">\n\t\t\t\t\t\t\t<input type=\"hidden\" id=\"ninja_forms_field_24_type\" value=\"text\">\n\t\t<label for=\"ninja_forms_field_24\" id=\"ninja_forms_field_24_label\" class=\"\">PA\u00cdS \t\t\t\t<\/label>\n\t\t\t<input id=\"ninja_forms_field_24\" data-mask=\"\" data-input-limit=\"\" data-input-limit-type=\"char\" data-input-limit-msg=\"\" name=\"ninja_forms_field_24\" type=\"text\" placeholder=\"\" class=\"ninja-forms-field  address city \" value=\"\" rel=\"24\"   \/>\n\t\t<div id=\"ninja_forms_field_24_error\" style=\"display:none;\" class=\"ninja-forms-field-error\">\n\t\t<\/div>\n\t\t\t\t\t\t\t<\/div>\n\t\t\t\t\t\t\t<hr class=\"ninja-forms-field \" style=\"\" id=\"ninja_forms_field_25_div_wrap\" rel=\"25\" \/>\n\t\t<div class=\"ninja-forms-field  nf-desc\" id=\"ninja_forms_field_26_div_wrap\" style=\"\" rel=\"26\"><p><span style=\"color: #c02d49;\"><strong>DESTINO\u00a0DE LA CARGA<\/strong><\/span><\/p>\n<p>\u00a0<\/p>\n<\/div>\n\t\t\t\t\t\t\t<div class=\"field-wrap text-wrap label-above\"  id=\"ninja_forms_field_28_div_wrap\" data-visible=\"1\">\n\t\t\t\t\t\t\t<input type=\"hidden\" id=\"ninja_forms_field_28_type\" value=\"text\">\n\t\t<label for=\"ninja_forms_field_28\" id=\"ninja_forms_field_28_label\" class=\"\">DIRECCI\u00d3N \t\t\t\t<\/label>\n\t\t\t<input id=\"ninja_forms_field_28\" data-mask=\"\" data-input-limit=\"\" data-input-limit-type=\"char\" data-input-limit-msg=\"\" name=\"ninja_forms_field_28\" type=\"text\" placeholder=\"\" class=\"ninja-forms-field  address address1 \" value=\"\" rel=\"28\"   \/>\n\t\t<div id=\"ninja_forms_field_28_error\" style=\"display:none;\" class=\"ninja-forms-field-error\">\n\t\t<\/div>\n\t\t\t\t\t\t\t<\/div>\n\t\t\t\t\t\t\t\t\t\t\t\t<div class=\"field-wrap text-wrap label-above\"  id=\"ninja_forms_field_29_div_wrap\" data-visible=\"1\">\n\t\t\t\t\t\t\t<input type=\"hidden\" id=\"ninja_forms_field_29_type\" value=\"text\">\n\t\t<label for=\"ninja_forms_field_29\" id=\"ninja_forms_field_29_label\" class=\"\">C\u00d3DIGO POSTAL \t\t\t\t<\/label>\n\t\t\t<input id=\"ninja_forms_field_29\" data-mask=\"\" data-input-limit=\"\" data-input-limit-type=\"char\" data-input-limit-msg=\"\" name=\"ninja_forms_field_29\" type=\"text\" placeholder=\"\" class=\"ninja-forms-field  address zip \" value=\"\" rel=\"29\"   \/>\n\t\t<div id=\"ninja_forms_field_29_error\" style=\"display:none;\" class=\"ninja-forms-field-error\">\n\t\t<\/div>\n\t\t\t\t\t\t\t<\/div>\n\t\t\t\t\t\t\t\t\t\t\t\t<div class=\"field-wrap text-wrap label-above\"  id=\"ninja_forms_field_32_div_wrap\" data-visible=\"1\">\n\t\t\t\t\t\t\t<input type=\"hidden\" id=\"ninja_forms_field_32_type\" value=\"text\">\n\t\t<label for=\"ninja_forms_field_32\" id=\"ninja_forms_field_32_label\" class=\"\">PA\u00cdS \t\t\t\t<\/label>\n\t\t\t<input id=\"ninja_forms_field_32\" data-mask=\"\" data-input-limit=\"\" data-input-limit-type=\"char\" data-input-limit-msg=\"\" name=\"ninja_forms_field_32\" type=\"text\" placeholder=\"\" class=\"ninja-forms-field  address city \" value=\"\" rel=\"32\"   \/>\n\t\t<div id=\"ninja_forms_field_32_error\" style=\"display:none;\" class=\"ninja-forms-field-error\">\n\t\t<\/div>\n\t\t\t\t\t\t\t<\/div>\n\t\t\t\t\t\t\t\t\t\t\t\t<div class=\"field-wrap text-wrap label-above\"  id=\"ninja_forms_field_31_div_wrap\" data-visible=\"1\">\n\t\t\t\t\t\t\t<input type=\"hidden\" id=\"ninja_forms_field_31_type\" value=\"text\">\n\t\t<label for=\"ninja_forms_field_31\" id=\"ninja_forms_field_31_label\" class=\"\">POBLACI\u00d3N \t\t\t\t<\/label>\n\t\t\t<input id=\"ninja_forms_field_31\" data-mask=\"\" data-input-limit=\"\" data-input-limit-type=\"char\" data-input-limit-msg=\"\" name=\"ninja_forms_field_31\" type=\"text\" placeholder=\"\" class=\"ninja-forms-field  address city \" value=\"\" rel=\"31\"   \/>\n\t\t<div id=\"ninja_forms_field_31_error\" style=\"display:none;\" class=\"ninja-forms-field-error\">\n\t\t<\/div>\n\t\t\t\t\t\t\t<\/div>\n\t\t\t\t\t\t\t\t\t\t\t\t<div class=\"field-wrap text-wrap label-above\"  id=\"ninja_forms_field_30_div_wrap\" data-visible=\"1\">\n\t\t\t\t\t\t\t<input type=\"hidden\" id=\"ninja_forms_field_30_type\" value=\"text\">\n\t\t<label for=\"ninja_forms_field_30\" id=\"ninja_forms_field_30_label\" class=\"\">PROVINCIA \t\t\t\t<\/label>\n\t\t\t<input id=\"ninja_forms_field_30\" data-mask=\"\" data-input-limit=\"\" data-input-limit-type=\"char\" data-input-limit-msg=\"\" name=\"ninja_forms_field_30\" type=\"text\" placeholder=\"\" class=\"ninja-forms-field  address city \" value=\"\" rel=\"30\"   \/>\n\t\t<div id=\"ninja_forms_field_30_error\" style=\"display:none;\" class=\"ninja-forms-field-error\">\n\t\t<\/div>\n\t\t\t\t\t\t\t<\/div>\n\t\t\t\t\t\t\t<hr class=\"ninja-forms-field \" style=\"\" id=\"ninja_forms_field_27_div_wrap\" rel=\"27\" \/>\n\t\t\t\t\t\t\t<div class=\"field-wrap submit-wrap label-above\"  id=\"ninja_forms_field_5_div_wrap\" data-visible=\"1\">\n\t\t\t\t\t\t\t<input type=\"hidden\" id=\"ninja_forms_field_5_type\" value=\"submit\">\n\t<div id=\"nf_submit_1\">\n\t\t<input type=\"submit\" name=\"_ninja_forms_field_5\" class=\"ninja-forms-field \" id=\"ninja_forms_field_5\" value=\"ENVIAR\" rel=\"5\" >\n\t<\/div>\n\t<div id=\"nf_processing_1\" style=\"display:none;\">\n\t\t<input type=\"submit\" name=\"_ninja_forms_field_5\" class=\"ninja-forms-field \" id=\"ninja_forms_field_5\" value=\"Processing\" rel=\"5\" disabled>\n\t<\/div>\n\t\t<div id=\"ninja_forms_field_5_error\" style=\"display:none;\" class=\"ninja-forms-field-error\">\n\t\t<\/div>\n\t\t\t\t\t\t\t<\/div>\n\t\t\t\t\t\t\t<\/div>\n\t\t<\/form>\n\t\t<\/div>\n\t\t<\/div>\n\t\n<p>[\/vc_column_text][\/vc_column][vc_column width=&#8221;1\/4&#8243;][vc_column_text]<br \/>\n[\/vc_column_text][\/vc_column][\/vc_row][vc_row full_width=&#8221;&#8221; parallax=&#8221;&#8221; parallax_image=&#8221;&#8221; el_id=&#8221;&#8221;][vc_column width=&#8221;1\/6&#8243;][vc_column_text css_animation=&#8221;&#8221;]<br \/>\n[\/vc_column_text][\/vc_column][vc_column width=&#8221;2\/3&#8243;][vc_column_text]<\/p>\n<p style=\"text-align: justify; font-size: 12px;\"><strong>NOTA\u00a0 LEGAL<\/strong><\/p>\n<p style=\"text-align: justify; font-size: 10px;\">Conforme a lo dispuesto en la L.O. 15\/1.999 de Protecci\u00f3n de Datos de Car\u00e1cter Personal, los datos recogidos en el presente documento van a ser incorporados a un fichero de tratamiento automatizado, titularidad de Andr\u00e9s Castellar Lopez para la finalidad de comunicarse con las personas solicitantes, la resoluci\u00f3n de consultas on-line y recibir comunicaciones comerciales, pudiendo ejercitar Ud. los derechos de acceso, rectificaci\u00f3n, cancelaci\u00f3n u oposici\u00f3n mediante solicitud por escrito en la Avda. del Mediterr\u00e1neo, 47 12200 Onda (Castell\u00f3n), acompa\u00f1ando una copia del D.N.I. o bien mediante correo electr\u00f3nico firmado digitalmente, al objeto de acreditar su identidad, dirigido a info@transportescastellar.com. La empresa ha adoptado las medidas de seguridad previstas en la normativa vigente, encontr\u00e1ndose sus ficheros inscritos en la Agencia Espa\u00f1ola de Protecci\u00f3n de Datos, garantizando el secreto y la confidencialidad de los mismos.<\/p>\n<p>[\/vc_column_text][\/vc_column][vc_column width=&#8221;1\/6&#8243;][vc_column_text css_animation=&#8221;&#8221;]<br \/>\n[\/vc_column_text][\/vc_column][\/vc_row]<\/p>\n","protected":false},"excerpt":{"rendered":"<p>[vc_row full_width=&#8221;&#8221; parallax=&#8221;&#8221; parallax_image=&#8221;&#8221;][vc_column width=&#8221;1\/4&#8243;][vc_column_text] [\/vc_column_text][\/vc_column][vc_column width=&#8221;1\/2&#8243;][vc_column_text] Si dispone de una carga y necesita transportarla, solicite presupuesto sin compromiso y nos pondremos en contacto con usted a la mayor brevedad posible. [\/vc_column_text][\/vc_column][vc_column width=&#8221;1\/4&#8243;][vc_column_text] [\/vc_column_text][\/vc_column][\/vc_row][vc_row full_width=&#8221;&#8221; parallax=&#8221;&#8221; parallax_image=&#8221;&#8221; el_id=&#8221;&#8221;][vc_column width=&#8221;1\/4&#8243;][vc_column_text] [\/vc_column_text][\/vc_column][vc_column width=&#8221;1\/2&#8243;][vc_column_text] [\/vc_column_text][\/vc_column][vc_column width=&#8221;1\/4&#8243;][vc_column_text] [\/vc_column_text][\/vc_column][\/vc_row][vc_row full_width=&#8221;&#8221; parallax=&#8221;&#8221; parallax_image=&#8221;&#8221; el_id=&#8221;&#8221;][vc_column width=&#8221;1\/6&#8243;][vc_column_text css_animation=&#8221;&#8221;] [\/vc_column_text][\/vc_column][vc_column width=&#8221;2\/3&#8243;][vc_column_text] NOTA\u00a0 LEGAL Conforme a lo dispuesto en la L.O. 15\/1.999 de Protecci\u00f3n de Datos de Car\u00e1cter Personal, los datos recogidos en el presente documento van a ser incorporados a un fichero de tratamiento automatizado, titularidad de Andr\u00e9s Castellar Lopez para la finalidad de comunicarse con las personas solicitantes, la resoluci\u00f3n de consultas on-line y recibir comunicaciones comerciales, pudiendo ejercitar Ud. los derechos de acceso, rectificaci\u00f3n, cancelaci\u00f3n u oposici\u00f3n mediante solicitud por escrito en la Avda. del Mediterr\u00e1neo, 47 12200 Onda (Castell\u00f3n), acompa\u00f1ando una copia del D.N.I. o bien mediante correo electr\u00f3nico firmado digitalmente, al objeto de acreditar su identidad, dirigido a info@transportescastellar.com. La empresa ha adoptado las medidas de seguridad previstas en la normativa vigente, encontr\u00e1ndose sus ficheros inscritos en la Agencia Espa\u00f1ola de Protecci\u00f3n de Datos, garantizando el secreto y la confidencialidad de los mismos. [\/vc_column_text][\/vc_column][vc_column width=&#8221;1\/6&#8243;][vc_column_text css_animation=&#8221;&#8221;] [\/vc_column_text][\/vc_column][\/vc_row]<\/p>\n","protected":false},"author":1,"featured_media":0,"parent":0,"menu_order":0,"comment_status":"closed","ping_status":"closed","template":"","meta":[],"translation":{"provider":"WPGlobus","version":"2.5.17","language":"en","enabled_languages":["es","en"],"languages":{"es":{"title":true,"content":true,"excerpt":false},"en":{"title":false,"content":false,"excerpt":false}}},"_links":{"self":[{"href":"https:\/\/www.transportescastellar.com\/en\/wp-json\/wp\/v2\/pages\/15"}],"collection":[{"href":"https:\/\/www.transportescastellar.com\/en\/wp-json\/wp\/v2\/pages"}],"about":[{"href":"https:\/\/www.transportescastellar.com\/en\/wp-json\/wp\/v2\/types\/page"}],"author":[{"embeddable":true,"href":"https:\/\/www.transportescastellar.com\/en\/wp-json\/wp\/v2\/users\/1"}],"replies":[{"embeddable":true,"href":"https:\/\/www.transportescastellar.com\/en\/wp-json\/wp\/v2\/comments?post=15"}],"version-history":[{"count":9,"href":"https:\/\/www.transportescastellar.com\/en\/wp-json\/wp\/v2\/pages\/15\/revisions"}],"predecessor-version":[{"id":83,"href":"https:\/\/www.transportescastellar.com\/en\/wp-json\/wp\/v2\/pages\/15\/revisions\/83"}],"wp:attachment":[{"href":"https:\/\/www.transportescastellar.com\/en\/wp-json\/wp\/v2\/media?parent=15"}],"curies":[{"name":"wp","href":"https:\/\/api.w.org\/{rel}","templated":true}]}}