{"id":109,"date":"2016-03-29T12:28:14","date_gmt":"2016-03-29T12:28:14","guid":{"rendered":"http:\/\/www.transportescastellar.com\/?page_id=109"},"modified":"2016-04-04T11:16:05","modified_gmt":"2016-04-04T11:16:05","slug":"transportes","status":"publish","type":"page","link":"https:\/\/www.transportescastellar.com\/en\/servicios\/transportes\/","title":{"rendered":"Transport"},"content":{"rendered":"<p>[vc_row full_width=&#8221;&#8221; parallax=&#8221;&#8221; parallax_image=&#8221;&#8221;][vc_column width=&#8221;1\/6&#8243;][vc_column_text]<br \/>\n[\/vc_column_text][\/vc_column][vc_column width=&#8221;2\/3&#8243;][vc_single_image image=&#8221;53&#8243; alignment=&#8221;center&#8221; border_color=&#8221;grey&#8221; img_link_large=&#8221;&#8221; img_link_target=&#8221;_self&#8221; img_size=&#8221;full&#8221;][vc_column_text]<\/p>\n<p style=\"text-align: justify;\">We carry full and fractional loads around <span style=\"color: #c02d49;\"><strong>whole country Spanish<\/strong><\/span> with very important routes:<\/p>\n<p>[\/vc_column_text][vc_row_inner][vc_column_inner el_class=&#8221;&#8221; width=&#8221;1\/4&#8243;]<br \/>\n[\/vc_column_inner][vc_column_inner el_class=&#8221;&#8221; width=&#8221;1\/2&#8243;][vc_column_text]<\/p>\n<p style=\"text-align: justify;\">CASTELLON-PAIS VASCO<br \/>\nCASTELLON-CANTABRIA<br \/>\nCASTELLON-MALAGA<br \/>\nCASTELLON-ASTURIAS<br \/>\nCASTELLON-BARCELONA<\/p>\n<p>[\/vc_column_text][\/vc_column_inner][vc_column_inner el_class=&#8221;&#8221; width=&#8221;1\/4&#8243;]<br \/>\n[\/vc_column_inner][\/vc_row_inner][vc_separator color=&#8221;custom&#8221; align=&#8221;align_center&#8221; accent_color=&#8221;#c02d49&#8243;][vc_column_text]<\/p>\n<p style=\"text-align: justify;\">We transport full and fractional loads around <span style=\"color: #c02d49;\"><strong>EU<\/strong><\/span>. Very important route:<\/p>\n<p>[\/vc_column_text][vc_row_inner el_id=&#8221;&#8221;][vc_column_inner el_class=&#8221;&#8221; width=&#8221;1\/4&#8243;]<br \/>\n[\/vc_column_inner][vc_column_inner el_class=&#8221;&#8221; width=&#8221;1\/2&#8243;][vc_column_text]<\/p>\n<p style=\"text-align: justify;\">ESPA\u00d1A-REINO UNIDO<br \/>\nESPA\u00d1A-ALEMANIA<br \/>\nESPA\u00d1A-FRANCIA<\/p>\n<p>[\/vc_column_text][\/vc_column_inner][vc_column_inner el_class=&#8221;&#8221; width=&#8221;1\/4&#8243;]<br \/>\n[\/vc_column_inner][\/vc_row_inner][\/vc_column][vc_column width=&#8221;1\/6&#8243;][vc_column_text]<br \/>\n[\/vc_column_text][\/vc_column][\/vc_row]<\/p>\n","protected":false},"excerpt":{"rendered":"<p>[vc_row full_width=&#8221;&#8221; parallax=&#8221;&#8221; parallax_image=&#8221;&#8221;][vc_column width=&#8221;1\/6&#8243;][vc_column_text] [\/vc_column_text][\/vc_column][vc_column width=&#8221;2\/3&#8243;][vc_single_image image=&#8221;53&#8243; alignment=&#8221;center&#8221; border_color=&#8221;grey&#8221; img_link_large=&#8221;&#8221; img_link_target=&#8221;_self&#8221; img_size=&#8221;full&#8221;][vc_column_text] We carry full and fractional loads around whole country Spanish with very important routes: [\/vc_column_text][vc_row_inner][vc_column_inner el_class=&#8221;&#8221; width=&#8221;1\/4&#8243;] [\/vc_column_inner][vc_column_inner el_class=&#8221;&#8221; width=&#8221;1\/2&#8243;][vc_column_text] CASTELLON-PAIS VASCO CASTELLON-CANTABRIA CASTELLON-MALAGA CASTELLON-ASTURIAS CASTELLON-BARCELONA [\/vc_column_text][\/vc_column_inner][vc_column_inner el_class=&#8221;&#8221; width=&#8221;1\/4&#8243;] [\/vc_column_inner][\/vc_row_inner][vc_separator color=&#8221;custom&#8221; align=&#8221;align_center&#8221; accent_color=&#8221;#c02d49&#8243;][vc_column_text] We transport full and fractional loads around EU. Very important route: [\/vc_column_text][vc_row_inner el_id=&#8221;&#8221;][vc_column_inner el_class=&#8221;&#8221; width=&#8221;1\/4&#8243;] [\/vc_column_inner][vc_column_inner el_class=&#8221;&#8221; width=&#8221;1\/2&#8243;][vc_column_text] ESPA\u00d1A-REINO UNIDO ESPA\u00d1A-ALEMANIA ESPA\u00d1A-FRANCIA [\/vc_column_text][\/vc_column_inner][vc_column_inner el_class=&#8221;&#8221; width=&#8221;1\/4&#8243;] [\/vc_column_inner][\/vc_row_inner][\/vc_column][vc_column width=&#8221;1\/6&#8243;][vc_column_text] [\/vc_column_text][\/vc_column][\/vc_row]<\/p>\n","protected":false},"author":1,"featured_media":0,"parent":9,"menu_order":0,"comment_status":"closed","ping_status":"closed","template":"","meta":[],"translation":{"provider":"WPGlobus","version":"2.5.17","language":"en","enabled_languages":["es","en"],"languages":{"es":{"title":true,"content":true,"excerpt":false},"en":{"title":true,"content":true,"excerpt":false}}},"_links":{"self":[{"href":"https:\/\/www.transportescastellar.com\/en\/wp-json\/wp\/v2\/pages\/109"}],"collection":[{"href":"https:\/\/www.transportescastellar.com\/en\/wp-json\/wp\/v2\/pages"}],"about":[{"href":"https:\/\/www.transportescastellar.com\/en\/wp-json\/wp\/v2\/types\/page"}],"author":[{"embeddable":true,"href":"https:\/\/www.transportescastellar.com\/en\/wp-json\/wp\/v2\/users\/1"}],"replies":[{"embeddable":true,"href":"https:\/\/www.transportescastellar.com\/en\/wp-json\/wp\/v2\/comments?post=109"}],"version-history":[{"count":9,"href":"https:\/\/www.transportescastellar.com\/en\/wp-json\/wp\/v2\/pages\/109\/revisions"}],"predecessor-version":[{"id":136,"href":"https:\/\/www.transportescastellar.com\/en\/wp-json\/wp\/v2\/pages\/109\/revisions\/136"}],"up":[{"embeddable":true,"href":"https:\/\/www.transportescastellar.com\/en\/wp-json\/wp\/v2\/pages\/9"}],"wp:attachment":[{"href":"https:\/\/www.transportescastellar.com\/en\/wp-json\/wp\/v2\/media?parent=109"}],"curies":[{"name":"wp","href":"https:\/\/api.w.org\/{rel}","templated":true}]}}